{"id":4599,"date":"2024-12-21T17:08:38","date_gmt":"2024-12-21T17:08:38","guid":{"rendered":"https:\/\/mah.fi\/?page_id=4599"},"modified":"2025-06-18T10:06:26","modified_gmt":"2025-06-18T10:06:26","slug":"koulutus","status":"publish","type":"page","link":"https:\/\/mah.fi\/?page_id=4599","title":{"rendered":"Koulutus"},"content":{"rendered":"<p>[et_pb_section fb_built=&#8221;1&#8243; fullwidth=&#8221;on&#8221; _builder_version=&#8221;4.27.4&#8243; background_image=&#8221;https:\/\/mah.fi\/wp-content\/uploads\/2024\/12\/20190526-IMG_7927.jpg&#8221; animation_style=&#8221;slide&#8221; animation_direction=&#8221;top&#8221; animation_intensity_slide=&#8221;2%&#8221; animation_starting_opacity=&#8221;100%&#8221; global_colors_info=&#8221;{}&#8221;][et_pb_fullwidth_header title=&#8221;Koulutus&#8221; content_max_width=&#8221;700px&#8221; _builder_version=&#8221;4.27.4&#8243; title_font=&#8221;&#8211;et_global_heading_font||||||||&#8221; title_font_size=&#8221;60px&#8221; title_line_height=&#8221;1.2em&#8221; content_font=&#8221;&#8211;et_global_body_font||||||||&#8221; content_text_color=&#8221;#000000&#8243; content_font_size=&#8221;20px&#8221; content_line_height=&#8221;1.8em&#8221; background_color=&#8221;rgba(255, 255, 255, 0)&#8221; use_background_color_gradient=&#8221;on&#8221; background_color_gradient_direction=&#8221;90deg&#8221; background_color_gradient_stops=&#8221;rgba(0,0,0,0.75) 0%|rgba(0,0,0,0) 100%&#8221; background_color_gradient_overlays_image=&#8221;on&#8221; background_color_gradient_start=&#8221;rgba(0,0,0,0.75)&#8221; background_color_gradient_end=&#8221;rgba(0,0,0,0)&#8221; background_enable_image=&#8221;off&#8221; background_position=&#8221;top_right&#8221; custom_button_one=&#8221;on&#8221; button_one_text_size=&#8221;18px&#8221; button_one_bg_color=&#8221;#02d002&#8243; button_one_border_width=&#8221;8px&#8221; button_one_border_color=&#8221;#02d002&#8243; button_one_border_radius=&#8221;0px&#8221; button_one_letter_spacing=&#8221;1px&#8221; button_one_font=&#8221;Lato|700|||||||&#8221; button_one_use_icon=&#8221;off&#8221; custom_button_two=&#8221;on&#8221; button_two_text_size=&#8221;18px&#8221; button_two_text_color=&#8221;#353740&#8243; button_two_bg_color=&#8221;#ffffff&#8221; button_two_border_width=&#8221;8px&#8221; button_two_border_color=&#8221;#ffffff&#8221; button_two_border_radius=&#8221;0px&#8221; button_two_letter_spacing=&#8221;1px&#8221; button_two_font=&#8221;Lato|700|||||||&#8221; button_two_use_icon=&#8221;off&#8221; custom_margin=&#8221;|||&#8221; custom_padding=&#8221;10%||10%|&#8221; custom_padding_tablet=&#8221;30%||30%||true|false&#8221; custom_padding_phone=&#8221;30%||30%||true|false&#8221; custom_padding_last_edited=&#8221;on|phone&#8221; title_font_size_tablet=&#8221;60px&#8221; title_font_size_phone=&#8221;38px&#8221; title_font_size_last_edited=&#8221;on|phone&#8221; button_one_letter_spacing_hover=&#8221;1px&#8221; button_two_letter_spacing_hover=&#8221;1px&#8221; global_colors_info=&#8221;{}&#8221; button_one_text_size__hover_enabled=&#8221;off&#8221; button_two_text_size__hover_enabled=&#8221;off&#8221; button_one_text_color__hover_enabled=&#8221;off&#8221; button_two_text_color__hover_enabled=&#8221;off&#8221; button_one_border_width__hover_enabled=&#8221;off&#8221; button_two_border_width__hover_enabled=&#8221;off&#8221; button_one_border_color__hover_enabled=&#8221;off&#8221; button_two_border_color__hover_enabled=&#8221;off&#8221; button_one_border_radius__hover_enabled=&#8221;off&#8221; button_two_border_radius__hover_enabled=&#8221;off&#8221; button_one_letter_spacing__hover_enabled=&#8221;on&#8221; button_one_letter_spacing__hover=&#8221;1px&#8221; button_two_letter_spacing__hover_enabled=&#8221;on&#8221; button_two_letter_spacing__hover=&#8221;1px&#8221; button_one_bg_color__hover_enabled=&#8221;off&#8221; button_two_bg_color__hover_enabled=&#8221;off&#8221;]<\/p>\n<p><span style=\"color: #ffffff;\">Seura tarjoaa monipuolisia koulutusmahdollisuuksia, kuten viikkoryhmi\u00e4, valmennusryhmi\u00e4 sek\u00e4 kursseja ja koulutusp\u00e4ivi\u00e4. Tutustu eri vaihtoehtoihin tarkemmin alta.\u00a0<\/span><\/p>\n<p>[\/et_pb_fullwidth_header][\/et_pb_section][et_pb_section fb_built=&#8221;1&#8243; admin_label=&#8221;Market Information Section&#8221; _builder_version=&#8221;4.27.4&#8243; custom_padding=&#8221;20px||20px||true|false&#8221; global_colors_info=&#8221;{}&#8221;][et_pb_row column_structure=&#8221;1_3,2_3&#8243; admin_label=&#8221;Market Information Title Area&#8221; _builder_version=&#8221;4.16&#8243; custom_padding=&#8221;40px|0px|40px|0px&#8221; global_colors_info=&#8221;{}&#8221;][et_pb_column type=&#8221;1_3&#8243; _builder_version=&#8221;4.16&#8243; custom_padding=&#8221;|||&#8221; global_colors_info=&#8221;{}&#8221; custom_padding__hover=&#8221;|||&#8221;][et_pb_text admin_label=&#8221;Title&#8221; _builder_version=&#8221;4.27.4&#8243; text_font=&#8221;||||||||&#8221; header_font=&#8221;&#8211;et_global_heading_font|700|||||||&#8221; header_text_color=&#8221;#000000&#8243; header_2_font=&#8221;Lato||||||||&#8221; header_2_font_size=&#8221;36px&#8221; header_2_line_height=&#8221;1.5em&#8221; custom_padding=&#8221;|||&#8221; animation_direction=&#8221;left&#8221; inline_fonts=&#8221;Josefin Sans&#8221; global_colors_info=&#8221;{}&#8221;]<\/p>\n<h2><strong><span style=\"font-family: 'Josefin Sans';\">Viikkoryhm\u00e4t<\/span><\/strong><\/h2>\n<p>[\/et_pb_text][et_pb_divider color=&#8221;#7CDA24&#8243; divider_weight=&#8221;5px&#8221; _builder_version=&#8221;4.27.4&#8243; max_width=&#8221;80px&#8221; height=&#8221;3px&#8221; locked=&#8221;off&#8221; global_colors_info=&#8221;{}&#8221;]<br \/>\n[\/et_pb_divider][\/et_pb_column][et_pb_column type=&#8221;2_3&#8243; _builder_version=&#8221;4.16&#8243; custom_padding=&#8221;|||&#8221; global_colors_info=&#8221;{}&#8221; custom_padding__hover=&#8221;|||&#8221;][et_pb_text _builder_version=&#8221;4.27.4&#8243; text_font=&#8221;&#8211;et_global_body_font||||||||&#8221; text_text_color=&#8221;#000000&#8243; text_font_size=&#8221;16px&#8221; text_line_height=&#8221;1.8em&#8221; header_font=&#8221;&#8211;et_global_body_font||||||||&#8221; header_text_color=&#8221;#000000&#8243; animation_style=&#8221;flip&#8221; animation_direction=&#8221;left&#8221; animation_intensity_flip=&#8221;20%&#8221; animation_starting_opacity=&#8221;100%&#8221; global_colors_info=&#8221;{}&#8221;]<\/p>\n<p><span style=\"font-weight: 400;\">Mikkelin Agilityharrastajat tarjoaa j\u00e4senilleen koulutusta viikkoryhmiss\u00e4. Viikkoryhmiss\u00e4 treenataan kerran viikossa tiettyn\u00e4 kiinte\u00e4n\u00e4 ajankohtana. Suurin osa viikkoryhmist\u00e4 treenaa arki-iltaisin, mutta joitakin ryhmi\u00e4 treenaa my\u00f6s arkisin aamusta tai iltap\u00e4iv\u00e4st\u00e4 sek\u00e4 viikonloppuisin. Viikkoryhmi\u00e4 on agilityss\u00e4, tokossa, rally-tokossa ja hoopersissa.<\/span><\/p>\n<p><span style=\"font-weight: 400;\">Viikkoryhmi\u00e4 on sek\u00e4 kouluttajavetoisia ett\u00e4 omatoimisia. Kouluttajavetoiset ryhm\u00e4t sopivat aloitteleville sek\u00e4 muuten ohjausta kaipaaville harrastajille. Kouluttajavetoisia ryhmi\u00e4 kouluttavat yhdistyksen vapaaehtoiset kouluttajat. Kouluttajat suunnittelevat ryhm\u00e4n treenit sen tarpeiden mukaan. Kokeneemmille harrastajille on omatoimisia viikkoryhmi\u00e4, joissa ei ole nimetty\u00e4 kouluttajaa. T\u00e4ll\u00f6in ryhm\u00e4l\u00e4iset treenaavat omatoimisesti toisiaan auttaen.<\/span><\/p>\n<p><span style=\"font-weight: 400;\">Viikkoyhm\u00e4ss\u00e4 treenaavien tulee olla Mikkelin Agilityharrastajien j\u00e4seni\u00e4 ja heid\u00e4n tulee olla suorittanut talkoovelvoitteensa ajallaan. Viikkoryhmiss\u00e4 treenaavilla koirakoilla tulee olla lajin pohjataidot hallinnassa. Lajin pohjataidot voi hankkia joko itsen\u00e4isesti harjoittelemalla tai kurssien kautta.\u00a0<\/span><\/p>\n<p><span style=\"font-weight: 400;\">Mik\u00e4li haluat aloittaa treenaamisen viikkoryhm\u00e4ss\u00e4 tai vaihtaa ryhm\u00e4\u00e4, olethan yhteydess\u00e4 kyseisen lajin toimikuntaan.<\/span><\/p>\n<p>[\/et_pb_text][\/et_pb_column][\/et_pb_row][\/et_pb_section][et_pb_section fb_built=&#8221;1&#8243; admin_label=&#8221;Market Information Section&#8221; _builder_version=&#8221;4.27.4&#8243; custom_padding=&#8221;20px||20px||true|false&#8221; global_colors_info=&#8221;{}&#8221;][et_pb_row column_structure=&#8221;1_3,2_3&#8243; admin_label=&#8221;Market Information Title Area&#8221; _builder_version=&#8221;4.27.4&#8243; custom_padding=&#8221;40px|0px|40px|0px&#8221; global_colors_info=&#8221;{}&#8221;][et_pb_column type=&#8221;1_3&#8243; _builder_version=&#8221;4.16&#8243; custom_padding=&#8221;|||&#8221; global_colors_info=&#8221;{}&#8221; custom_padding__hover=&#8221;|||&#8221;][et_pb_text admin_label=&#8221;Title&#8221; _builder_version=&#8221;4.27.4&#8243; text_font=&#8221;&#8211;et_global_heading_font||||||||&#8221; header_font=&#8221;&#8211;et_global_heading_font|700|||||||&#8221; header_text_color=&#8221;#000000&#8243; header_2_font=&#8221;Lato||||||||&#8221; header_2_font_size=&#8221;36px&#8221; header_2_line_height=&#8221;1.5em&#8221; custom_padding=&#8221;|||&#8221; animation_direction=&#8221;left&#8221; header_font_size_tablet=&#8221;&#8221; header_font_size_phone=&#8221;&#8221; header_font_size_last_edited=&#8221;on|phone&#8221; inline_fonts=&#8221;Josefin Sans&#8221; global_colors_info=&#8221;{}&#8221;]<\/p>\n<h2><span style=\"font-family: 'Josefin Sans';\"><b>Valmennus-<\/b><\/span><\/h2>\n<h2><span style=\"font-family: 'Josefin Sans';\"><b>ryhm\u00e4t<\/b><\/span><\/h2>\n<p>[\/et_pb_text][et_pb_divider color=&#8221;#7CDA24&#8243; divider_weight=&#8221;5px&#8221; _builder_version=&#8221;4.27.4&#8243; max_width=&#8221;80px&#8221; height=&#8221;3px&#8221; locked=&#8221;off&#8221; global_colors_info=&#8221;{}&#8221;]<br \/>\n[\/et_pb_divider][\/et_pb_column][et_pb_column type=&#8221;2_3&#8243; _builder_version=&#8221;4.16&#8243; custom_padding=&#8221;|||&#8221; global_colors_info=&#8221;{}&#8221; custom_padding__hover=&#8221;|||&#8221;][et_pb_text _builder_version=&#8221;4.27.4&#8243; text_font=&#8221;&#8211;et_global_body_font||||||||&#8221; text_text_color=&#8221;#000000&#8243; text_font_size=&#8221;16px&#8221; text_line_height=&#8221;1.8em&#8221; header_font=&#8221;&#8211;et_global_body_font||||||||&#8221; header_text_color=&#8221;#000000&#8243; animation_style=&#8221;flip&#8221; animation_direction=&#8221;left&#8221; animation_intensity_flip=&#8221;20%&#8221; animation_starting_opacity=&#8221;100%&#8221; hover_enabled=&#8221;0&#8243; global_colors_info=&#8221;{}&#8221; sticky_enabled=&#8221;0&#8243;]<\/p>\n<p><span style=\"font-weight: 400;\">Mikkelin Agilityharrastajat tarjoaa valmennusryhmi\u00e4 agilityss\u00e4, tokossa ja rally-tokossa. Valmennusryhmi\u00e4 kouluttavat lajinsa osaavat ja kokeneet \u201chuiput\u201d. Valmennusryhm\u00e4t kokoontuvat keskim\u00e4\u00e4rin kerran kuukaudessa. Valmennusryhm\u00e4t on tarkoitettu lajissaan tavoitteellisille ja eteenp\u00e4in pyrkiville harrastajille. Valmennusryhmien kouluttajat p\u00e4\u00e4tt\u00e4v\u00e4t treenien sis\u00e4ll\u00f6st\u00e4.<\/span><\/p>\n<p><span style=\"font-weight: 400;\">Valmennusryhmien kausi on syksyst\u00e4 kev\u00e4\u00e4seen. Valmennusryhmiin on haku aina kes\u00e4ll\u00e4. My\u00f6s vanhojen valmennusryhm\u00e4l\u00e4isten tulee t\u00e4ll\u00f6in hakea valmennusryhm\u00e4paikkaa uudestaan. Valmennusryhm\u00e4l\u00e4iset valitaan hakemusten perusteella, mik\u00e4li hakijoita on enemm\u00e4n kuin paikkoja.<\/span><\/p>\n<p><span style=\"font-weight: 400;\">Valmennusryhm\u00e4t on tarkoitettu ensisijaisesti yhdistyksen j\u00e4senille, mutta mik\u00e4li paikkoja j\u00e4\u00e4, voi valmennusryhmiin hakea my\u00f6s yhdistyksen ulkopuoliset koirakot.<\/span><\/p>\n<p><span style=\"font-weight: 400;\">Valmennusryhmien vet\u00e4j\u00e4t kaudella 2025-2026:<\/span><\/p>\n<p><span style=\"font-weight: 400;\">Agility: Riina Kellman ja Ira Mikkanen<\/span><\/p>\n<p><span style=\"font-weight: 400;\">Toko: Mari Leivisk\u00e4 ja Oili Huotari<\/span><\/p>\n<p><span style=\"font-weight: 400;\">Rally-toko: Oona Tuormaa<\/span><\/p>\n<p>[\/et_pb_text][\/et_pb_column][\/et_pb_row][\/et_pb_section][et_pb_section fb_built=&#8221;1&#8243; admin_label=&#8221;Market Information Section&#8221; _builder_version=&#8221;4.27.4&#8243; custom_padding=&#8221;20px||20px||true|false&#8221; global_colors_info=&#8221;{}&#8221;][et_pb_row column_structure=&#8221;1_3,2_3&#8243; admin_label=&#8221;Market Information Title Area&#8221; _builder_version=&#8221;4.27.4&#8243; custom_padding=&#8221;40px|0px|40px|0px&#8221; global_colors_info=&#8221;{}&#8221;][et_pb_column type=&#8221;1_3&#8243; _builder_version=&#8221;4.16&#8243; custom_padding=&#8221;|||&#8221; global_colors_info=&#8221;{}&#8221; custom_padding__hover=&#8221;|||&#8221;][et_pb_text admin_label=&#8221;Title&#8221; _builder_version=&#8221;4.27.4&#8243; text_font=&#8221;||||||||&#8221; header_font=&#8221;&#8211;et_global_heading_font|700|||||||&#8221; header_text_color=&#8221;#000000&#8243; header_2_font=&#8221;Lato||||||||&#8221; header_2_font_size=&#8221;36px&#8221; header_2_line_height=&#8221;1.5em&#8221; custom_padding=&#8221;|||&#8221; animation_direction=&#8221;left&#8221; inline_fonts=&#8221;Josefin Sans&#8221; global_colors_info=&#8221;{}&#8221;]<\/p>\n<h2><span style=\"font-family: 'Josefin Sans';\"><b>Kurssit ja koulutusp\u00e4iv\u00e4t<\/b><\/span><\/h2>\n<p>[\/et_pb_text][et_pb_divider color=&#8221;#7CDA24&#8243; divider_weight=&#8221;5px&#8221; _builder_version=&#8221;4.27.4&#8243; max_width=&#8221;80px&#8221; height=&#8221;3px&#8221; locked=&#8221;off&#8221; global_colors_info=&#8221;{}&#8221;]<br \/>\n[\/et_pb_divider][\/et_pb_column][et_pb_column type=&#8221;2_3&#8243; _builder_version=&#8221;4.16&#8243; custom_padding=&#8221;|||&#8221; global_colors_info=&#8221;{}&#8221; custom_padding__hover=&#8221;|||&#8221;][et_pb_text _builder_version=&#8221;4.27.4&#8243; text_font=&#8221;&#8211;et_global_body_font||||||||&#8221; text_text_color=&#8221;#000000&#8243; text_font_size=&#8221;16px&#8221; text_line_height=&#8221;1.8em&#8221; header_font=&#8221;&#8211;et_global_body_font||||||||&#8221; header_text_color=&#8221;#000000&#8243; animation_style=&#8221;flip&#8221; animation_direction=&#8221;left&#8221; animation_intensity_flip=&#8221;20%&#8221; animation_starting_opacity=&#8221;100%&#8221; global_colors_info=&#8221;{}&#8221;]<\/p>\n<p><span style=\"font-weight: 400;\">Mikkelin Agilityharrastajat j\u00e4rjest\u00e4\u00e4 vuosittain alkeiskursseja agilityst\u00e4, tokosta ja rally-tokosta sek\u00e4 harrastuskoirien pohjataitokursseja ja lajitutustumiskursseja. Kurssien kautta uudet harrastajat p\u00e4\u00e4sev\u00e4t mukaan yhdistyksen toimintaan. Kursseille ovat tervetulleita niin yhdistyksen j\u00e4senet kuin muutkin koirakot.<\/span><\/p>\n<p><span style=\"font-weight: 400;\">Lajitutustumiskurssilla koirakko p\u00e4\u00e4see tutustumaan yhdistyksen tarjoamiin harrastuslajeihin, esimerkiksi agilityyn, tokoon tai rally-tokoon. Harrastuskoiran pohjataitokurssi on tarkoitettu pennuille ja siell\u00e4 harjoitellaan kaikissa harrastuslajeissa t\u00e4rkeit\u00e4 pohjataitoja. T\u00e4m\u00e4 kurssi antaa hyv\u00e4t valmiudet hakeutua my\u00f6hemmin alkeiskurssille. Alkeiskurssit ovat lajikohtaisia ja niiss\u00e4 l\u00e4hdet\u00e4\u00e4n harjoittelemaan lajitaitoja t\u00e4ysin alkeistasolta. Usein alkeiskurssin per\u00e4\u00e4n j\u00e4rjestet\u00e4\u00e4n jatkokurssi, jossa syvennet\u00e4\u00e4n alkeiskurssilla opittuja taitoja.<\/span><\/p>\n<p><span style=\"font-weight: 400;\">Ennen alkeiskurssin alkamista j\u00e4rjest\u00e4mme kurssille ilmoittautuneille koirakoille yhteisty\u00f6testin, jossa tarkkaillaan koiran ja ohjaajan yhteisty\u00f6t\u00e4. Koiran ei tarvitse osata lajitaitoja testiss\u00e4, mutta sen tulisi olla yhteisty\u00f6haluinen ohjaajaansa kohtaan ja siet\u00e4\u00e4 muut koirat ja ihmiset samassa tilassa. Emme ota kursseille aggressiivisesti toisia koiria tai ihmisi\u00e4 kohtaan k\u00e4ytt\u00e4ytyvi\u00e4 koiria.<\/span><\/p>\n<p><span style=\"font-weight: 400;\">Mik\u00e4li olet kiinnostunut alkeiskurssista, olethan yhdeydess\u00e4 kyseisen lajin toimikuntaan. Voit ilmoittaa s\u00e4hk\u00f6postilla kiinnostuksestasi osallistua alkeiskurssille ja toimikunta tiedottaa sinua alkavista kursseista. Ilmoitamme alkavista kursseista my\u00f6s nettisivuillamme sek\u00e4 sosiaalisen median kanavissamme.<\/span><\/p>\n<p>[\/et_pb_text][\/et_pb_column][\/et_pb_row][\/et_pb_section][et_pb_section fb_built=&#8221;1&#8243; fullwidth=&#8221;on&#8221; admin_label=&#8221;Call to Action&#8221; _builder_version=&#8221;4.27.4&#8243; animation_style=&#8221;slide&#8221; animation_direction=&#8221;bottom&#8221; animation_intensity_slide=&#8221;6%&#8221; animation_starting_opacity=&#8221;100%&#8221; locked=&#8221;off&#8221; global_colors_info=&#8221;{}&#8221;][et_pb_fullwidth_header title=&#8221;Sek\u00e4 seuran j\u00e4senill\u00e4 ett\u00e4 ulkopuolisilla on mahdollisuus hakea vapaatreenioikeutta. Lis\u00e4tiedot l\u00f6yd\u00e4t t\u00e4\u00e4lt\u00e4.&#8221; button_one_text=&#8221;Vapaatreenioikeus&#8221; button_one_url=&#8221;https:\/\/mah.fi\/?page_id=4677&#8243; content_max_width=&#8221;800px&#8221; _builder_version=&#8221;4.27.4&#8243; title_level=&#8221;h2&#8243; title_font=&#8221;&#8211;et_global_heading_font||||||||&#8221; title_font_size=&#8221;60px&#8221; title_line_height=&#8221;1.2em&#8221; content_font=&#8221;&#8211;et_global_body_font||||||||&#8221; content_font_size=&#8221;20px&#8221; content_line_height=&#8221;1.8em&#8221; subhead_font=&#8221;&#8211;et_global_body_font||||||||&#8221; background_color=&#8221;rgba(255, 255, 255, 0)&#8221; use_background_color_gradient=&#8221;on&#8221; background_color_gradient_direction=&#8221;90deg&#8221; background_color_gradient_stops=&#8221;rgba(0,0,0,0.75) 0%|rgba(0,0,0,0) 100%&#8221; background_color_gradient_overlays_image=&#8221;on&#8221; background_color_gradient_start=&#8221;rgba(0,0,0,0.75)&#8221; background_color_gradient_end=&#8221;rgba(0,0,0,0)&#8221; background_image=&#8221;https:\/\/mah.fi\/wp-content\/uploads\/2024\/12\/001_DSC01592-2.jpg&#8221; custom_button_one=&#8221;on&#8221; button_one_text_size=&#8221;20px&#8221; button_one_bg_color=&#8221;#7CDA24&#8243; button_one_border_width=&#8221;8px&#8221; button_one_border_color=&#8221;#7CDA24&#8243; button_one_border_radius=&#8221;0px&#8221; button_one_letter_spacing=&#8221;1px&#8221; button_one_font=&#8221;&#8211;et_global_body_font|700||on|||||&#8221; button_one_use_icon=&#8221;off&#8221; custom_button_two=&#8221;on&#8221; button_two_text_size=&#8221;18px&#8221; button_two_text_color=&#8221;#353740&#8243; button_two_bg_color=&#8221;#ffffff&#8221; button_two_border_width=&#8221;8px&#8221; button_two_border_color=&#8221;#ffffff&#8221; button_two_border_radius=&#8221;0px&#8221; button_two_letter_spacing=&#8221;1px&#8221; button_two_font=&#8221;Lato|700|||||||&#8221; button_two_use_icon=&#8221;off&#8221; custom_margin=&#8221;|||&#8221; custom_padding=&#8221;10%||10%||false|false&#8221; custom_padding_tablet=&#8221;30%||30%||true|false&#8221; custom_padding_phone=&#8221;30%||30%||true|false&#8221; custom_padding_last_edited=&#8221;on|phone&#8221; title_font_size_tablet=&#8221;60px&#8221; title_font_size_phone=&#8221;31px&#8221; title_font_size_last_edited=&#8221;on|phone&#8221; button_one_letter_spacing_hover=&#8221;1px&#8221; button_two_letter_spacing_hover=&#8221;1px&#8221; global_colors_info=&#8221;{}&#8221; button_one_text_size__hover_enabled=&#8221;off&#8221; button_two_text_size__hover_enabled=&#8221;off&#8221; button_one_text_color__hover_enabled=&#8221;off&#8221; button_two_text_color__hover_enabled=&#8221;off&#8221; button_one_border_width__hover_enabled=&#8221;off&#8221; button_two_border_width__hover_enabled=&#8221;off&#8221; button_one_border_color__hover_enabled=&#8221;off&#8221; button_two_border_color__hover_enabled=&#8221;off&#8221; button_one_border_radius__hover_enabled=&#8221;off&#8221; button_two_border_radius__hover_enabled=&#8221;off&#8221; button_one_letter_spacing__hover_enabled=&#8221;on&#8221; button_one_letter_spacing__hover=&#8221;1px&#8221; button_two_letter_spacing__hover_enabled=&#8221;on&#8221; button_two_letter_spacing__hover=&#8221;1px&#8221; button_one_bg_color__hover_enabled=&#8221;off&#8221; button_two_bg_color__hover_enabled=&#8221;off&#8221;][\/et_pb_fullwidth_header][\/et_pb_section][et_pb_section fb_built=&#8221;1&#8243; admin_label=&#8221;Footer&#8221; _builder_version=&#8221;4.27.4&#8243; background_color=&#8221;#151f33&#8243; custom_padding=&#8221;0px||0px||true|false&#8221; global_colors_info=&#8221;{}&#8221;][et_pb_row _builder_version=&#8221;4.27.4&#8243; _module_preset=&#8221;default&#8221; global_colors_info=&#8221;{}&#8221;][et_pb_column type=&#8221;4_4&#8243; _builder_version=&#8221;4.27.4&#8243; _module_preset=&#8221;default&#8221; global_colors_info=&#8221;{}&#8221;][et_pb_text _builder_version=&#8221;4.27.4&#8243; _module_preset=&#8221;default&#8221; text_text_color=&#8221;#FFFFFF&#8221; global_colors_info=&#8221;{}&#8221;]<\/p>\n<p>Banner: Maarit Karhu-Teiskonen\/#riemukauppa.fi<br \/>Alin kuva: Erika Holappa Photography<\/p>\n<p>[\/et_pb_text][\/et_pb_column][\/et_pb_row][\/et_pb_section]<\/p>\n","protected":false},"excerpt":{"rendered":"<p>Seura tarjoaa monipuolisia koulutusmahdollisuuksia, kuten viikkoryhmi\u00e4, valmennusryhmi\u00e4 sek\u00e4 kursseja ja koulutusp\u00e4ivi\u00e4. Tutustu eri vaihtoehtoihin tarkemmin alta.\u00a0Viikkoryhm\u00e4t Mikkelin Agilityharrastajat tarjoaa j\u00e4senilleen koulutusta viikkoryhmiss\u00e4. Viikkoryhmiss\u00e4 treenataan kerran viikossa tiettyn\u00e4 kiinte\u00e4n\u00e4 ajankohtana. Suurin [&hellip;]<\/p>\n","protected":false},"author":68,"featured_media":0,"parent":0,"menu_order":0,"comment_status":"closed","ping_status":"closed","template":"","meta":{"_et_pb_use_builder":"on","_et_pb_old_content":"","_et_gb_content_width":"","footnotes":""},"class_list":["post-4599","page","type-page","status-publish","hentry"],"_links":{"self":[{"href":"https:\/\/mah.fi\/index.php?rest_route=\/wp\/v2\/pages\/4599","targetHints":{"allow":["GET"]}}],"collection":[{"href":"https:\/\/mah.fi\/index.php?rest_route=\/wp\/v2\/pages"}],"about":[{"href":"https:\/\/mah.fi\/index.php?rest_route=\/wp\/v2\/types\/page"}],"author":[{"embeddable":true,"href":"https:\/\/mah.fi\/index.php?rest_route=\/wp\/v2\/users\/68"}],"replies":[{"embeddable":true,"href":"https:\/\/mah.fi\/index.php?rest_route=%2Fwp%2Fv2%2Fcomments&post=4599"}],"version-history":[{"count":20,"href":"https:\/\/mah.fi\/index.php?rest_route=\/wp\/v2\/pages\/4599\/revisions"}],"predecessor-version":[{"id":5364,"href":"https:\/\/mah.fi\/index.php?rest_route=\/wp\/v2\/pages\/4599\/revisions\/5364"}],"wp:attachment":[{"href":"https:\/\/mah.fi\/index.php?rest_route=%2Fwp%2Fv2%2Fmedia&parent=4599"}],"curies":[{"name":"wp","href":"https:\/\/api.w.org\/{rel}","templated":true}]}}