{"id":4582,"date":"2024-12-21T13:46:09","date_gmt":"2024-12-21T13:46:09","guid":{"rendered":"https:\/\/mah.fi\/?page_id=4582"},"modified":"2025-12-03T18:27:01","modified_gmt":"2025-12-03T18:27:01","slug":"hinnasto-ja-varaukset","status":"publish","type":"page","link":"https:\/\/mah.fi\/?page_id=4582","title":{"rendered":"Hinnasto ja varaukset"},"content":{"rendered":"<p>[et_pb_section fb_built=&#8221;1&#8243; fullwidth=&#8221;on&#8221; _builder_version=&#8221;4.27.4&#8243; animation_style=&#8221;slide&#8221; animation_direction=&#8221;top&#8221; animation_intensity_slide=&#8221;2%&#8221; animation_starting_opacity=&#8221;100%&#8221; global_colors_info=&#8221;{}&#8221;][et_pb_fullwidth_header title=&#8221;Hinnasto ja varaukset&#8221; content_max_width=&#8221;700px&#8221; _builder_version=&#8221;4.27.4&#8243; title_font=&#8221;&#8211;et_global_heading_font||||||||&#8221; title_font_size=&#8221;60px&#8221; title_line_height=&#8221;1.2em&#8221; content_font=&#8221;&#8211;et_global_body_font||||||||&#8221; content_text_color=&#8221;#000000&#8243; content_font_size=&#8221;20px&#8221; content_line_height=&#8221;1.8em&#8221; background_color=&#8221;rgba(255, 255, 255, 0)&#8221; use_background_color_gradient=&#8221;on&#8221; background_color_gradient_direction=&#8221;90deg&#8221; background_color_gradient_stops=&#8221;rgba(0,0,0,0.75) 0%|rgba(0,0,0,0) 100%&#8221; background_color_gradient_overlays_image=&#8221;on&#8221; background_color_gradient_start=&#8221;rgba(0,0,0,0.75)&#8221; background_color_gradient_end=&#8221;rgba(0,0,0,0)&#8221; background_image=&#8221;https:\/\/mah.fi\/wp-content\/uploads\/2024\/12\/20240630-7I3A2185-scaled.jpg&#8221; custom_button_one=&#8221;on&#8221; button_one_text_size=&#8221;18px&#8221; button_one_bg_color=&#8221;#02d002&#8243; button_one_border_width=&#8221;8px&#8221; button_one_border_color=&#8221;#02d002&#8243; button_one_border_radius=&#8221;0px&#8221; button_one_letter_spacing=&#8221;1px&#8221; button_one_font=&#8221;Lato|700|||||||&#8221; button_one_use_icon=&#8221;off&#8221; custom_button_two=&#8221;on&#8221; button_two_text_size=&#8221;18px&#8221; button_two_text_color=&#8221;#353740&#8243; button_two_bg_color=&#8221;#ffffff&#8221; button_two_border_width=&#8221;8px&#8221; button_two_border_color=&#8221;#ffffff&#8221; button_two_border_radius=&#8221;0px&#8221; button_two_letter_spacing=&#8221;1px&#8221; button_two_font=&#8221;Lato|700|||||||&#8221; button_two_use_icon=&#8221;off&#8221; custom_margin=&#8221;|||&#8221; custom_padding=&#8221;10%||10%|&#8221; custom_padding_tablet=&#8221;30%||30%||true|false&#8221; custom_padding_phone=&#8221;30%||30%||true|false&#8221; custom_padding_last_edited=&#8221;on|phone&#8221; title_font_size_tablet=&#8221;60px&#8221; title_font_size_phone=&#8221;38px&#8221; title_font_size_last_edited=&#8221;on|phone&#8221; button_one_letter_spacing_hover=&#8221;1px&#8221; button_two_letter_spacing_hover=&#8221;1px&#8221; global_colors_info=&#8221;{}&#8221; button_one_text_size__hover_enabled=&#8221;off&#8221; button_two_text_size__hover_enabled=&#8221;off&#8221; button_one_text_color__hover_enabled=&#8221;off&#8221; button_two_text_color__hover_enabled=&#8221;off&#8221; button_one_border_width__hover_enabled=&#8221;off&#8221; button_two_border_width__hover_enabled=&#8221;off&#8221; button_one_border_color__hover_enabled=&#8221;off&#8221; button_two_border_color__hover_enabled=&#8221;off&#8221; button_one_border_radius__hover_enabled=&#8221;off&#8221; button_two_border_radius__hover_enabled=&#8221;off&#8221; button_one_letter_spacing__hover_enabled=&#8221;on&#8221; button_one_letter_spacing__hover=&#8221;1px&#8221; button_two_letter_spacing__hover_enabled=&#8221;on&#8221; button_two_letter_spacing__hover=&#8221;1px&#8221; button_one_bg_color__hover_enabled=&#8221;off&#8221; button_two_bg_color__hover_enabled=&#8221;off&#8221;]<\/p>\n<p><span style=\"color: #ffffff;\">T\u00e4\u00e4lt\u00e4 l\u00f6yd\u00e4t hallien ja kent\u00e4n vuokraushinnaston sek\u00e4 ohjeet varauksien tekemiseen.<\/span><\/p>\n<p>[\/et_pb_fullwidth_header][\/et_pb_section][et_pb_section fb_built=&#8221;1&#8243; admin_label=&#8221;Market Information Section&#8221; _builder_version=&#8221;4.27.4&#8243; custom_margin=&#8221;||0px||false|false&#8221; custom_padding=&#8221;20px||20px||true|false&#8221; global_colors_info=&#8221;{}&#8221;][et_pb_row column_structure=&#8221;1_3,2_3&#8243; admin_label=&#8221;Market Information Title Area&#8221; _builder_version=&#8221;4.27.4&#8243; custom_padding=&#8221;40px|0px|40px|0px&#8221; global_colors_info=&#8221;{}&#8221;][et_pb_column type=&#8221;1_3&#8243; _builder_version=&#8221;4.16&#8243; custom_padding=&#8221;|||&#8221; global_colors_info=&#8221;{}&#8221; custom_padding__hover=&#8221;|||&#8221;][et_pb_text admin_label=&#8221;Title&#8221; _builder_version=&#8221;4.27.4&#8243; text_font=&#8221;||||||||&#8221; header_font=&#8221;&#8211;et_global_heading_font|700|||||||&#8221; header_text_color=&#8221;#000000&#8243; header_2_font=&#8221;Lato||||||||&#8221; header_2_font_size=&#8221;36px&#8221; header_2_line_height=&#8221;1.5em&#8221; custom_padding=&#8221;|||&#8221; animation_direction=&#8221;left&#8221; inline_fonts=&#8221;Josefin Sans&#8221; global_colors_info=&#8221;{}&#8221;]<\/p>\n<h2><strong><span style=\"font-family: 'Josefin Sans';\">Hallille treenaamaan<\/span><\/strong><\/h2>\n<p>[\/et_pb_text][et_pb_divider color=&#8221;#7CDA24&#8243; divider_weight=&#8221;5px&#8221; _builder_version=&#8221;4.27.4&#8243; max_width=&#8221;80px&#8221; height=&#8221;3px&#8221; locked=&#8221;off&#8221; global_colors_info=&#8221;{}&#8221;]<br \/>\n[\/et_pb_divider][\/et_pb_column][et_pb_column type=&#8221;2_3&#8243; _builder_version=&#8221;4.16&#8243; custom_padding=&#8221;|||&#8221; global_colors_info=&#8221;{}&#8221; custom_padding__hover=&#8221;|||&#8221;][et_pb_text _builder_version=&#8221;4.27.4&#8243; text_font=&#8221;&#8211;et_global_body_font||||||||&#8221; text_text_color=&#8221;#000000&#8243; text_font_size=&#8221;16px&#8221; text_line_height=&#8221;1.8em&#8221; header_font=&#8221;&#8211;et_global_body_font||||||||&#8221; header_text_color=&#8221;#000000&#8243; custom_padding=&#8221;||0px|||&#8221; animation_style=&#8221;flip&#8221; animation_direction=&#8221;left&#8221; animation_intensity_flip=&#8221;20%&#8221; animation_starting_opacity=&#8221;100%&#8221; global_colors_info=&#8221;{}&#8221;]<\/p>\n<p>Hallin k\u00e4ytt\u00f6\u00f6n on mahdollista p\u00e4\u00e4st\u00e4 itsen\u00e4isesti seuraavilla tavoilla:<\/p>\n<ul>\n<li>&#8211; Vuokraamalla kent\u00e4n omaan k\u00e4ytt\u00f6\u00f6ns\u00e4.<\/li>\n<li>&#8211; Ostamalla vapaatreenioikeudelle kuukausikortin<\/li>\n<li>&#8211; Hakemalla seuran j\u00e4senille tarkoitettua vapaatreenioikeutta.<\/li>\n<\/ul>\n<p>Kentti\u00e4 vuokrataan niin yksityishenkil\u00f6ille kuin yrityksillekin hallin vapaiden aikojen puitteissa. Voit vuokrata joko vakiovuoron tai yksitt\u00e4isi\u00e4 kertoja tarpeesi mukaan. <span style=\"font-weight: 400;\">J\u00e4senille tarkoitetut varaushinnat on tarkoitettu ainoastaan j\u00e4senen omaa treenik\u00e4ytt\u00f6\u00e4 varten. N\u00e4it\u00e4 hintoja ei saa k\u00e4ytt\u00e4\u00e4 kaupalliseen toimintaan, kuten valmennus- tai ohjauspalveluiden tarjoamiseen tai muihin ansaintatarkoituksiin. Mik\u00e4li j\u00e4sen haluaa harjoittaa kaupallista toimintaa seuran tiloissa, varaus tulee tehd\u00e4 seuran ulkopuolisen hinnaston mukaisesti.<\/span>\u00a0<\/p>\n<p><strong>Kuukausikortti<span>\u00a0<\/span><\/strong><span>sopii sinulle, joka et v\u00e4ltt\u00e4m\u00e4tt\u00e4 ole seuran j\u00e4sen tai et halua talkoilla. Kuukausikortti on voimassa kalenterikuukauden kerrallaan. Lue lis\u00e4\u00e4 vapaatreenioikeudesta ja kuukausikortista t\u00e4\u00e4lt\u00e4.<\/span><\/p>\n<p>[\/et_pb_text][et_pb_button button_url=&#8221;https:\/\/mah.fi\/?page_id=4677&#8243; button_text=&#8221;Vapaatreenioikeus&#8221; _builder_version=&#8221;4.27.4&#8243; _module_preset=&#8221;default&#8221; custom_button=&#8221;on&#8221; button_text_color=&#8221;#FFFFFF&#8221; button_bg_color=&#8221;#7CDA24&#8243; button_letter_spacing=&#8221;2px&#8221; button_font=&#8221;|700||on|||||&#8221; global_colors_info=&#8221;{}&#8221;][\/et_pb_button][\/et_pb_column][\/et_pb_row][\/et_pb_section][et_pb_section fb_built=&#8221;1&#8243; admin_label=&#8221;Market Information Section&#8221; _builder_version=&#8221;4.27.4&#8243; custom_margin=&#8221;0px||0px||false|false&#8221; custom_padding=&#8221;20px||20px||false|false&#8221; global_colors_info=&#8221;{}&#8221;][et_pb_row column_structure=&#8221;1_3,2_3&#8243; admin_label=&#8221;Market Information Title Area&#8221; _builder_version=&#8221;4.27.4&#8243; custom_padding=&#8221;0px|0px|0px|0px|false|false&#8221; hover_enabled=&#8221;0&#8243; global_colors_info=&#8221;{}&#8221; sticky_enabled=&#8221;0&#8243;][et_pb_column type=&#8221;1_3&#8243; _builder_version=&#8221;4.16&#8243; custom_padding=&#8221;|||&#8221; global_colors_info=&#8221;{}&#8221; custom_padding__hover=&#8221;|||&#8221;][et_pb_text admin_label=&#8221;Title&#8221; _builder_version=&#8221;4.27.4&#8243; text_font=&#8221;||||||||&#8221; header_font=&#8221;&#8211;et_global_heading_font|700|||||||&#8221; header_text_color=&#8221;#000000&#8243; header_2_font=&#8221;Lato||||||||&#8221; header_2_font_size=&#8221;36px&#8221; header_2_line_height=&#8221;1.5em&#8221; custom_padding=&#8221;|||&#8221; animation_direction=&#8221;left&#8221; inline_fonts=&#8221;Josefin Sans&#8221; global_colors_info=&#8221;{}&#8221;]<\/p>\n<h2><strong style=\"font-size: 36px;\"><span style=\"font-family: 'Josefin Sans';\">Ohjeet vuorojen varaamiseen<\/span><\/strong><\/h2>\n<p>[\/et_pb_text][et_pb_divider color=&#8221;#7CDA24&#8243; divider_weight=&#8221;5px&#8221; _builder_version=&#8221;4.27.4&#8243; max_width=&#8221;80px&#8221; height=&#8221;3px&#8221; locked=&#8221;off&#8221; global_colors_info=&#8221;{}&#8221;]<br \/>\n[\/et_pb_divider][\/et_pb_column][et_pb_column type=&#8221;2_3&#8243; _builder_version=&#8221;4.16&#8243; custom_padding=&#8221;|||&#8221; global_colors_info=&#8221;{}&#8221; custom_padding__hover=&#8221;|||&#8221;][et_pb_text _builder_version=&#8221;4.27.4&#8243; text_font=&#8221;&#8211;et_global_body_font||||||||&#8221; text_text_color=&#8221;#000000&#8243; text_font_size=&#8221;16px&#8221; text_line_height=&#8221;1.8em&#8221; header_font=&#8221;&#8211;et_global_body_font||||||||&#8221; header_text_color=&#8221;#000000&#8243; animation_style=&#8221;flip&#8221; animation_direction=&#8221;left&#8221; animation_intensity_flip=&#8221;20%&#8221; animation_starting_opacity=&#8221;100%&#8221; global_colors_info=&#8221;{}&#8221;]<\/p>\n<h3><strong>1. Tarkista vapaat ajat<\/strong><\/h3>\n<p>Ennen varauskysely\u00e4 tarkasta vapaana olevat ajat treenialueiden kalentereista. T\u00e4m\u00e4 nopeuttaa varauksen k\u00e4sittely\u00e4 ja varmistaa, ett\u00e4 haluamasi aika on saatavilla.<\/p>\n<p>[\/et_pb_text][et_pb_button button_url=&#8221;https:\/\/mah.fi\/?page_id=4622&#8243; button_text=&#8221;Varauskalenterit&#8221; _builder_version=&#8221;4.27.4&#8243; _module_preset=&#8221;default&#8221; custom_button=&#8221;on&#8221; button_text_color=&#8221;#FFFFFF&#8221; button_bg_color=&#8221;#7CDA24&#8243; button_letter_spacing=&#8221;2px&#8221; button_font=&#8221;|700||on|||||&#8221; global_colors_info=&#8221;{}&#8221;][\/et_pb_button][et_pb_text _builder_version=&#8221;4.27.4&#8243; text_font=&#8221;&#8211;et_global_body_font||||||||&#8221; text_text_color=&#8221;#000000&#8243; text_font_size=&#8221;16px&#8221; text_line_height=&#8221;1.8em&#8221; header_font=&#8221;&#8211;et_global_body_font||||||||&#8221; header_text_color=&#8221;#000000&#8243; min_height=&#8221;762.2px&#8221; custom_padding=&#8221;0px||||false|false&#8221; animation_style=&#8221;flip&#8221; animation_direction=&#8221;left&#8221; animation_intensity_flip=&#8221;20%&#8221; animation_starting_opacity=&#8221;100%&#8221; global_colors_info=&#8221;{}&#8221;]<\/p>\n<h3><strong>\u00a02. L\u00e4het\u00e4 varauskysely<\/strong><\/h3>\n<p>L\u00e4het\u00e4 varauskysely osoitteeseen hallivaraukset[at]mah.fi <strong>viimeist\u00e4\u00e4n viisi vuorokautta ennen varausta<\/strong> ja mainitse viestiss\u00e4si seuraavat tiedot:<\/p>\n<p>&#8211; Treenialue (halli 1, halli 2 tai ulkokentt\u00e4)<\/p>\n<p>&#8211; P\u00e4iv\u00e4m\u00e4\u00e4r\u00e4, kellonaika ja varausajan kesto<\/p>\n<p>&#8211; Oletko seuran j\u00e4sen vai ulkopuolinen<\/p>\n<p>&#8211; Onko sinulla olemassa olevaa vapaatreenioikeutta<\/p>\n<p>&#8211; Tuleeko mukaan treenaamaan seuran ulkopuolisia henkil\u00f6it\u00e4<\/p>\n<h3><strong>3. Vahvista ja maksa varaus<\/strong><\/h3>\n<p>Kun alustava varaus on vahvistettu, maksa varaus alla olevien ohjeiden mukaan ja toimita maksukuitti osoitteeseen hallivaraukset[at]mah.fi<\/p>\n<p><strong>Hallien varausmaksut maksetaan tilille:<\/strong><br \/>Mikkelin Agilityharrastajat ry<br \/>OP-Pohjola-ryhm\u00e4 OKOFIHH<br \/>FI30 5271 0440 2018 96<\/p>\n<p>J\u00e4senet varausmaksun viitenumero<span>\u00a0<\/span><strong>2066<\/strong><br \/>Vieraat varausmaksun viitenumero<span>\u00a0<\/span><strong>2121<\/strong><\/p>\n<p>&nbsp;<\/p>\n<p>[\/et_pb_text][\/et_pb_column][\/et_pb_row][\/et_pb_section][et_pb_section fb_built=&#8221;1&#8243; admin_label=&#8221;Market Information Section&#8221; _builder_version=&#8221;4.27.4&#8243; custom_margin=&#8221;||0px||false|false&#8221; custom_padding=&#8221;20px||20px||true|false&#8221; global_colors_info=&#8221;{}&#8221;][et_pb_row column_structure=&#8221;1_3,2_3&#8243; admin_label=&#8221;Market Information Title Area&#8221; _builder_version=&#8221;4.27.4&#8243; custom_padding=&#8221;0px|0px|0px|0px|false|false&#8221; hover_enabled=&#8221;0&#8243; global_colors_info=&#8221;{}&#8221; sticky_enabled=&#8221;0&#8243;][et_pb_column type=&#8221;1_3&#8243; _builder_version=&#8221;4.16&#8243; custom_padding=&#8221;|||&#8221; global_colors_info=&#8221;{}&#8221; custom_padding__hover=&#8221;|||&#8221;][et_pb_text admin_label=&#8221;Title&#8221; _builder_version=&#8221;4.27.4&#8243; text_font=&#8221;||||||||&#8221; header_font=&#8221;&#8211;et_global_heading_font|700|||||||&#8221; header_text_color=&#8221;#000000&#8243; header_2_font=&#8221;Lato||||||||&#8221; header_2_font_size=&#8221;36px&#8221; header_2_line_height=&#8221;1.5em&#8221; custom_padding=&#8221;|||&#8221; animation_direction=&#8221;left&#8221; inline_fonts=&#8221;Josefin Sans&#8221; global_colors_info=&#8221;{}&#8221;]<\/p>\n<h2><strong><span style=\"font-family: 'Josefin Sans';\">Hinnasto<\/span><\/strong><\/h2>\n<p>[\/et_pb_text][et_pb_divider color=&#8221;#7CDA24&#8243; divider_weight=&#8221;5px&#8221; _builder_version=&#8221;4.27.4&#8243; max_width=&#8221;80px&#8221; height=&#8221;3px&#8221; locked=&#8221;off&#8221; global_colors_info=&#8221;{}&#8221;]<br \/>\n[\/et_pb_divider][\/et_pb_column][et_pb_column type=&#8221;2_3&#8243; _builder_version=&#8221;4.16&#8243; custom_padding=&#8221;|||&#8221; global_colors_info=&#8221;{}&#8221; custom_padding__hover=&#8221;|||&#8221;][et_pb_text _builder_version=&#8221;4.27.4&#8243; text_font=&#8221;&#8211;et_global_body_font||||||||&#8221; text_text_color=&#8221;#000000&#8243; text_font_size=&#8221;16px&#8221; text_line_height=&#8221;1.8em&#8221; header_font=&#8221;&#8211;et_global_body_font||||||||&#8221; header_text_color=&#8221;#000000&#8243; custom_padding=&#8221;||0px|||&#8221; animation_style=&#8221;flip&#8221; animation_direction=&#8221;left&#8221; animation_intensity_flip=&#8221;20%&#8221; animation_starting_opacity=&#8221;100%&#8221; global_colors_info=&#8221;{}&#8221;]<\/p>\n<p>Voit varata my\u00f6s puolen tunnin vuoron.<\/p>\n<p>[\/et_pb_text][et_pb_pricing_tables featured_table_header_background_color=&#8221;#FFFFFF&#8221; featured_table_header_text_color=&#8221;#000000&#8243; header_background_color=&#8221;#7CDA24&#8243; featured_table_text_color=&#8221;#000000&#8243; featured_table_bullet_color=&#8221;#000000&#8243; featured_table_price_background_color=&#8221;#FFFFFF&#8221; featured_table_price_color=&#8221;#000000&#8243; featured_table_currency_frequency_text_color=&#8221;#000000&#8243; price_background_color=&#8221;#FFFFFF&#8221; _builder_version=&#8221;4.27.4&#8243; _module_preset=&#8221;default&#8221; currency_frequency_text_color=&#8221;#000000&#8243; price_text_color=&#8221;#7CDA24&#8243; body_text_color=&#8221;#000000&#8243; header_font=&#8221;&#8211;et_global_heading_font||||||||&#8221; hover_enabled=&#8221;0&#8243; global_colors_info=&#8221;{}&#8221; sticky_enabled=&#8221;0&#8243;][et_pb_pricing_table title=&#8221;Yksityisvaraus&#8221; subtitle=&#8221;J\u00e4sen&#8221; currency=&#8221;\u20ac&#8221; per=&#8221;tunti&#8221; sum=&#8221;15&#8243; _builder_version=&#8221;4.27.4&#8243; _module_preset=&#8221;default&#8221; global_colors_info=&#8221;{}&#8221; sticky_transition=&#8221;on&#8221;]<\/p>\n<p>Paikalla vain j\u00e4seni\u00e4, koirakkom\u00e4\u00e4r\u00e4\u00e4 ei ole rajoitettu<\/p>\n<p>[\/et_pb_pricing_table][et_pb_pricing_table title=&#8221;Yksityisvaraus&#8221; subtitle=&#8221;J\u00e4sen&#8221; currency=&#8221;\u20ac&#8221; per=&#8221;tunti&#8221; sum=&#8221;25&#8243; _builder_version=&#8221;4.27.4&#8243; _module_preset=&#8221;default&#8221; global_colors_info=&#8221;{}&#8221; sticky_transition=&#8221;on&#8221;]<\/p>\n<p>Paikalla j\u00e4sen ja vieraita, koirakkom\u00e4\u00e4r\u00e4\u00e4 ei rajoitettu<\/p>\n<p>[\/et_pb_pricing_table][et_pb_pricing_table title=&#8221;Yksityisvaraus&#8221; subtitle=&#8221;Seuran ulkopuolinen&#8221; currency=&#8221;\u20ac&#8221; per=&#8221;tunti&#8221; sum=&#8221;45&#8243; _builder_version=&#8221;4.27.4&#8243; _module_preset=&#8221;default&#8221; global_colors_info=&#8221;{}&#8221; sticky_transition=&#8221;on&#8221;][\/et_pb_pricing_table][\/et_pb_pricing_tables][\/et_pb_column][\/et_pb_row][et_pb_row column_structure=&#8221;1_3,2_3&#8243; _builder_version=&#8221;4.27.4&#8243; _module_preset=&#8221;default&#8221; global_colors_info=&#8221;{}&#8221;][et_pb_column type=&#8221;1_3&#8243; _builder_version=&#8221;4.27.4&#8243; _module_preset=&#8221;default&#8221; global_colors_info=&#8221;{}&#8221;][et_pb_text admin_label=&#8221;Title&#8221; _builder_version=&#8221;4.27.4&#8243; text_font=&#8221;||||||||&#8221; header_font=&#8221;&#8211;et_global_heading_font|700|||||||&#8221; header_text_color=&#8221;#000000&#8243; header_2_font=&#8221;Lato||||||||&#8221; header_2_font_size=&#8221;36px&#8221; header_2_line_height=&#8221;1.5em&#8221; custom_padding=&#8221;|||&#8221; animation_direction=&#8221;left&#8221; inline_fonts=&#8221;Josefin Sans&#8221; global_colors_info=&#8221;{}&#8221;]<\/p>\n<h2><strong><span style=\"font-family: 'Josefin Sans';\">Pissa- ja sotkusakko<\/span><\/strong><\/h2>\n<p>[\/et_pb_text][et_pb_divider color=&#8221;#7CDA24&#8243; divider_weight=&#8221;5px&#8221; _builder_version=&#8221;4.27.4&#8243; max_width=&#8221;80px&#8221; height=&#8221;3px&#8221; locked=&#8221;off&#8221; global_colors_info=&#8221;{}&#8221;]<br \/>\n[\/et_pb_divider][\/et_pb_column][et_pb_column type=&#8221;2_3&#8243; _builder_version=&#8221;4.27.4&#8243; _module_preset=&#8221;default&#8221; global_colors_info=&#8221;{}&#8221;][et_pb_cta _builder_version=&#8221;4.27.4&#8243; _module_preset=&#8221;default&#8221; header_text_color=&#8221;#000000&#8243; body_text_color=&#8221;#000000&#8243; body_font_size=&#8221;20px&#8221; background_color=&#8221;#FFFFFF&#8221; border_width_all=&#8221;6px&#8221; border_color_all=&#8221;#7CDA24&#8243; global_colors_info=&#8221;{}&#8221;]<\/p>\n<p><span>Pissa-\/kakkasakko on 20 \u20ac, ja se koskee kaikkia, my\u00f6s pentuja. <\/span><span>Sakko tulee maksaa v\u00e4litt\u00f6m\u00e4sti seuran tilille <\/span><span class=\"OYPEnA font-feature-liga-off font-feature-clig-off font-feature-calt-off text-decoration-none text-strikethrough-none\">FI30 5271 0440 2018 96<\/span><span class=\"OYPEnA font-feature-liga-off font-feature-clig-off font-feature-calt-off text-decoration-none text-strikethrough-none white-space-prewrap\"> <\/span><span class=\"OYPEnA font-feature-liga-off font-feature-clig-off font-feature-calt-off text-decoration-none text-strikethrough-none\">ja viestikentt\u00e4\u00e4n \u201csotkusakko\u201d. Katso lis\u00e4ohjeet treenialueiden s\u00e4\u00e4nn\u00f6ist\u00e4.<\/span><\/p>\n<p>[\/et_pb_cta][et_pb_button button_url=&#8221;https:\/\/mah.fi\/?page_id=4509&#8243; button_text=&#8221;S\u00e4\u00e4nn\u00f6t (halli ja kentt\u00e4)&#8221; button_alignment=&#8221;center&#8221; _builder_version=&#8221;4.27.4&#8243; _module_preset=&#8221;default&#8221; custom_button=&#8221;on&#8221; button_text_color=&#8221;#FFFFFF&#8221; button_bg_color=&#8221;#7CDA24&#8243; button_border_color=&#8221;#7CDA24&#8243; button_letter_spacing=&#8221;2px&#8221; button_font=&#8221;|700||on|||||&#8221; button_icon_color=&#8221;#FFFFFF&#8221; global_colors_info=&#8221;{}&#8221;][\/et_pb_button][\/et_pb_column][\/et_pb_row][\/et_pb_section][et_pb_section fb_built=&#8221;1&#8243; admin_label=&#8221;Footer&#8221; _builder_version=&#8221;4.27.4&#8243; background_color=&#8221;#151f33&#8243; custom_padding=&#8221;0px||0px||true|false&#8221; global_colors_info=&#8221;{}&#8221;][et_pb_row _builder_version=&#8221;4.27.4&#8243; _module_preset=&#8221;default&#8221; global_colors_info=&#8221;{}&#8221;][et_pb_column type=&#8221;4_4&#8243; _builder_version=&#8221;4.27.4&#8243; _module_preset=&#8221;default&#8221; global_colors_info=&#8221;{}&#8221;][et_pb_text _builder_version=&#8221;4.27.4&#8243; _module_preset=&#8221;default&#8221; text_text_color=&#8221;#FFFFFF&#8221; global_colors_info=&#8221;{}&#8221;]<\/p>\n<p>Banner: Maarit Karhu-Teiskonen\/#riemukauppa.fi<\/p>\n<p>[\/et_pb_text][\/et_pb_column][\/et_pb_row][\/et_pb_section]<\/p>\n","protected":false},"excerpt":{"rendered":"<p>T\u00e4\u00e4lt\u00e4 l\u00f6yd\u00e4t hallien ja kent\u00e4n vuokraushinnaston sek\u00e4 ohjeet varauksien tekemiseen.Hallille treenaamaan Hallin k\u00e4ytt\u00f6\u00f6n on mahdollista p\u00e4\u00e4st\u00e4 itsen\u00e4isesti seuraavilla tavoilla: &#8211; Vuokraamalla kent\u00e4n omaan k\u00e4ytt\u00f6\u00f6ns\u00e4. &#8211; Ostamalla vapaatreenioikeudelle kuukausikortin &#8211; Hakemalla [&hellip;]<\/p>\n","protected":false},"author":68,"featured_media":0,"parent":0,"menu_order":0,"comment_status":"closed","ping_status":"closed","template":"","meta":{"_et_pb_use_builder":"on","_et_pb_old_content":"","_et_gb_content_width":"","footnotes":""},"class_list":["post-4582","page","type-page","status-publish","hentry"],"_links":{"self":[{"href":"https:\/\/mah.fi\/index.php?rest_route=\/wp\/v2\/pages\/4582","targetHints":{"allow":["GET"]}}],"collection":[{"href":"https:\/\/mah.fi\/index.php?rest_route=\/wp\/v2\/pages"}],"about":[{"href":"https:\/\/mah.fi\/index.php?rest_route=\/wp\/v2\/types\/page"}],"author":[{"embeddable":true,"href":"https:\/\/mah.fi\/index.php?rest_route=\/wp\/v2\/users\/68"}],"replies":[{"embeddable":true,"href":"https:\/\/mah.fi\/index.php?rest_route=%2Fwp%2Fv2%2Fcomments&post=4582"}],"version-history":[{"count":20,"href":"https:\/\/mah.fi\/index.php?rest_route=\/wp\/v2\/pages\/4582\/revisions"}],"predecessor-version":[{"id":5375,"href":"https:\/\/mah.fi\/index.php?rest_route=\/wp\/v2\/pages\/4582\/revisions\/5375"}],"wp:attachment":[{"href":"https:\/\/mah.fi\/index.php?rest_route=%2Fwp%2Fv2%2Fmedia&parent=4582"}],"curies":[{"name":"wp","href":"https:\/\/api.w.org\/{rel}","templated":true}]}}