{"id":4509,"date":"2024-12-10T14:01:45","date_gmt":"2024-12-10T14:01:45","guid":{"rendered":"https:\/\/mah.fi\/?page_id=4509"},"modified":"2025-02-03T12:27:11","modified_gmt":"2025-02-03T12:27:11","slug":"saannot-halli-ja-kentta","status":"publish","type":"page","link":"https:\/\/mah.fi\/?page_id=4509","title":{"rendered":"S\u00e4\u00e4nn\u00f6t (halli ja kentt\u00e4)"},"content":{"rendered":"<p>[et_pb_section fb_built=&#8221;1&#8243; fullwidth=&#8221;on&#8221; _builder_version=&#8221;4.27.4&#8243; animation_style=&#8221;slide&#8221; animation_direction=&#8221;top&#8221; animation_intensity_slide=&#8221;2%&#8221; animation_starting_opacity=&#8221;100%&#8221; global_colors_info=&#8221;{}&#8221;][et_pb_fullwidth_header title=&#8221;S\u00e4\u00e4nn\u00f6t (halli ja kentt\u00e4)&#8221; content_max_width=&#8221;700px&#8221; _builder_version=&#8221;4.27.4&#8243; title_font=&#8221;&#8211;et_global_heading_font||||||||&#8221; title_font_size=&#8221;60px&#8221; title_line_height=&#8221;1.2em&#8221; content_font=&#8221;&#8211;et_global_body_font||||||||&#8221; content_text_color=&#8221;#000000&#8243; content_font_size=&#8221;20px&#8221; content_line_height=&#8221;1.8em&#8221; background_color=&#8221;rgba(255, 255, 255, 0)&#8221; use_background_color_gradient=&#8221;on&#8221; background_color_gradient_direction=&#8221;90deg&#8221; background_color_gradient_stops=&#8221;rgba(0,0,0,0.75) 0%|rgba(0,0,0,0) 100%&#8221; background_color_gradient_overlays_image=&#8221;on&#8221; background_color_gradient_start=&#8221;rgba(0,0,0,0.75)&#8221; background_color_gradient_end=&#8221;rgba(0,0,0,0)&#8221; background_image=&#8221;https:\/\/mah.fi\/wp-content\/uploads\/2024\/12\/20240630-7I3A2185-scaled.jpg&#8221; custom_button_one=&#8221;on&#8221; button_one_text_size=&#8221;18px&#8221; button_one_bg_color=&#8221;#02d002&#8243; button_one_border_width=&#8221;8px&#8221; button_one_border_color=&#8221;#02d002&#8243; button_one_border_radius=&#8221;0px&#8221; button_one_letter_spacing=&#8221;1px&#8221; button_one_font=&#8221;Lato|700|||||||&#8221; button_one_use_icon=&#8221;off&#8221; custom_button_two=&#8221;on&#8221; button_two_text_size=&#8221;18px&#8221; button_two_text_color=&#8221;#353740&#8243; button_two_bg_color=&#8221;#ffffff&#8221; button_two_border_width=&#8221;8px&#8221; button_two_border_color=&#8221;#ffffff&#8221; button_two_border_radius=&#8221;0px&#8221; button_two_letter_spacing=&#8221;1px&#8221; button_two_font=&#8221;Lato|700|||||||&#8221; button_two_use_icon=&#8221;off&#8221; custom_margin=&#8221;|||&#8221; custom_padding=&#8221;10%||10%||true|false&#8221; custom_padding_tablet=&#8221;30%||30%||true|false&#8221; custom_padding_phone=&#8221;30%||30%||true|false&#8221; custom_padding_last_edited=&#8221;on|phone&#8221; title_font_size_tablet=&#8221;&#8221; title_font_size_phone=&#8221;38px&#8221; title_font_size_last_edited=&#8221;on|phone&#8221; button_one_letter_spacing_hover=&#8221;1px&#8221; button_two_letter_spacing_hover=&#8221;1px&#8221; global_colors_info=&#8221;{}&#8221; button_one_text_size__hover_enabled=&#8221;off&#8221; button_two_text_size__hover_enabled=&#8221;off&#8221; button_one_text_color__hover_enabled=&#8221;off&#8221; button_two_text_color__hover_enabled=&#8221;off&#8221; button_one_border_width__hover_enabled=&#8221;off&#8221; button_two_border_width__hover_enabled=&#8221;off&#8221; button_one_border_color__hover_enabled=&#8221;off&#8221; button_two_border_color__hover_enabled=&#8221;off&#8221; button_one_border_radius__hover_enabled=&#8221;off&#8221; button_two_border_radius__hover_enabled=&#8221;off&#8221; button_one_letter_spacing__hover_enabled=&#8221;on&#8221; button_one_letter_spacing__hover=&#8221;1px&#8221; button_two_letter_spacing__hover_enabled=&#8221;on&#8221; button_two_letter_spacing__hover=&#8221;1px&#8221; button_one_bg_color__hover_enabled=&#8221;off&#8221; button_two_bg_color__hover_enabled=&#8221;off&#8221;]<\/p>\n<p><span style=\"color: #ffffff;\">Tutustu hallin ja kent\u00e4n s\u00e4\u00e4nt\u00f6ihin varmistaaksesi sujuvan ja turvallisen harjoittelun kaikille. S\u00e4\u00e4nn\u00f6t koskevat kaikkia k\u00e4ytt\u00e4ji\u00e4 ja tukevat yhteisi\u00e4 pelis\u00e4\u00e4nt\u00f6j\u00e4.<\/span><\/p>\n<p>[\/et_pb_fullwidth_header][\/et_pb_section][et_pb_section fb_built=&#8221;1&#8243; admin_label=&#8221;Market Information Section&#8221; _builder_version=&#8221;4.27.4&#8243; custom_padding=&#8221;20px||20px||true|false&#8221; hover_enabled=&#8221;0&#8243; global_colors_info=&#8221;{}&#8221; sticky_enabled=&#8221;0&#8243;][et_pb_row column_structure=&#8221;1_3,2_3&#8243; admin_label=&#8221;Market Information Title Area&#8221; _builder_version=&#8221;4.27.4&#8243; custom_padding=&#8221;40px|0px|40px|0px&#8221; global_colors_info=&#8221;{}&#8221;][et_pb_column type=&#8221;1_3&#8243; _builder_version=&#8221;4.16&#8243; custom_padding=&#8221;|||&#8221; global_colors_info=&#8221;{}&#8221; custom_padding__hover=&#8221;|||&#8221;][et_pb_text admin_label=&#8221;Title&#8221; _builder_version=&#8221;4.27.4&#8243; text_font=&#8221;||||||||&#8221; header_font=&#8221;&#8211;et_global_heading_font|700|||||||&#8221; header_text_color=&#8221;#000000&#8243; header_2_font=&#8221;Lato||||||||&#8221; header_2_font_size=&#8221;36px&#8221; header_2_line_height=&#8221;1.5em&#8221; custom_padding=&#8221;|||&#8221; animation_direction=&#8221;left&#8221; inline_fonts=&#8221;Josefin Sans&#8221; global_colors_info=&#8221;{}&#8221;]<\/p>\n<h2><strong><span style=\"font-family: 'Josefin Sans';\">Ohjaajan vastuu<\/span><\/strong><\/h2>\n<p>[\/et_pb_text][et_pb_divider color=&#8221;#7CDA24&#8243; divider_weight=&#8221;5px&#8221; _builder_version=&#8221;4.27.4&#8243; max_width=&#8221;80px&#8221; height=&#8221;3px&#8221; locked=&#8221;off&#8221; global_colors_info=&#8221;{}&#8221;]<br \/>\n[\/et_pb_divider][\/et_pb_column][et_pb_column type=&#8221;2_3&#8243; _builder_version=&#8221;4.16&#8243; custom_padding=&#8221;|||&#8221; global_colors_info=&#8221;{}&#8221; custom_padding__hover=&#8221;|||&#8221;][et_pb_text _builder_version=&#8221;4.27.4&#8243; text_font=&#8221;&#8211;et_global_body_font||||||||&#8221; text_text_color=&#8221;#000000&#8243; text_font_size=&#8221;16px&#8221; text_line_height=&#8221;1.8em&#8221; header_font=&#8221;&#8211;et_global_body_font||||||||&#8221; header_text_color=&#8221;#000000&#8243; animation_style=&#8221;flip&#8221; animation_direction=&#8221;left&#8221; animation_intensity_flip=&#8221;20%&#8221; animation_starting_opacity=&#8221;100%&#8221; global_colors_info=&#8221;{}&#8221;]<\/p>\n<p>1. Maksaessaan koulutusmaksun ja\/tai lunastaessaan avaimen ohjaaja sitoutuu noudattamaan harjoittelualueen eli hallien ja ulkokent\u00e4n k\u00e4yt\u00f6st\u00e4 sovittuja s\u00e4\u00e4nt\u00f6j\u00e4 ja huolehtimaan j\u00e4sen- ja harjoittelumaksuista sek\u00e4 talkoovelvoitteestaan. Harjoittelualuetta saavat eri maksua vastaan k\u00e4ytt\u00e4\u00e4 vain j\u00e4senmaksun ja harjoittelumaksun maksaneet j\u00e4senet, jotka edustavat virallisissa kilpailuissa yhdistyst\u00e4. J\u00e4senill\u00e4, jotka osallistuvat ohjattuun tai omatoimiseen agilitykoulutukseen tulee olla Suomen Agilityliiton A-, B- tai C-lisenssi. Tokokoulutukseen osallistuvilta ei edellytet\u00e4 lisenssin hankkimista. Mik\u00e4li ohjaaja rikkoo n\u00e4it\u00e4 s\u00e4\u00e4nt\u00f6j\u00e4, voidaan treenioikeus ja\/tai avainkortti poistaa m\u00e4\u00e4r\u00e4tyksi ajaksi eik\u00e4 koulutusmaksua palauteta. P\u00e4\u00e4t\u00f6kset tekee hallitus.<\/p>\n<p>2. Koiria saa ulkoiluttaa turvallisuussyist\u00e4 ainoastaan merkityill\u00e4 alueilla. Ulkoiluttaminen valjastusalueella ja raviradalla on kielletty. Koira on pidett\u00e4v\u00e4 kytkettyn\u00e4 ulkoilutusalueella sek\u00e4 piha-alueella. Koira pidet\u00e4\u00e4n hallissa ja kent\u00e4ll\u00e4 kytkettyn\u00e4 my\u00f6s silloin kun se ei ole harjoitteluvuorossa. Hallin ovista kuljettaessa ohjaaja kulkee ovesta aina ennen koiraa turvallisuussyist\u00e4.<\/p>\n<p>3. Ohjaaja\/harjoitusalueen vuokraaja vastaa siit\u00e4, ett\u00e4 tilat ovat luovutettaessa samassa kunnossa kuin vastaanotettaessa.<\/p>\n<p>4. Ohjaaja vastaa omasta ja koiransa vakuutusturvasta. Koiran haltija vastaa koiransa turvallisuudesta sek\u00e4 koiran harjoitusalueelle ja sen muille k\u00e4ytt\u00e4jille aiheuttamista esine-, henkil\u00f6- ja el\u00e4invahingoista. Mikkelin Koiraurheilukeskus Oy ei korvaa koiralle tai koiran haltijalle harjoitusalueella tai esteill\u00e4 tapahtuneita vahinkoja.<\/p>\n<p>5. Harjoitusalueelle tulevien koirien tulee olla terveit\u00e4 ja Suomen Kennelliiton m\u00e4\u00e4r\u00e4ysten mukaisesti rokotettuja (poislukien pentutreffit ja \u2013kurssit).<\/p>\n<p>6. Koiraa on kohdeltava kunniottavasti ja asiallisesti. Koiran kovakourainen k\u00e4sittely on kielletty.<\/p>\n<p>7. Sairaan tai selv\u00e4sti ylipainoisen koiran kanssa ei saa harjoitella.<\/p>\n<p>[\/et_pb_text][\/et_pb_column][\/et_pb_row][\/et_pb_section][et_pb_section fb_built=&#8221;1&#8243; admin_label=&#8221;Market Information Section&#8221; _builder_version=&#8221;4.27.4&#8243; custom_padding=&#8221;20px||20px||true|false&#8221; hover_enabled=&#8221;0&#8243; global_colors_info=&#8221;{}&#8221; sticky_enabled=&#8221;0&#8243;][et_pb_row column_structure=&#8221;1_3,2_3&#8243; admin_label=&#8221;Market Information Title Area&#8221; _builder_version=&#8221;4.27.4&#8243; custom_padding=&#8221;40px|0px|40px|0px&#8221; global_colors_info=&#8221;{}&#8221;][et_pb_column type=&#8221;1_3&#8243; _builder_version=&#8221;4.16&#8243; custom_padding=&#8221;|||&#8221; global_colors_info=&#8221;{}&#8221; custom_padding__hover=&#8221;|||&#8221;][et_pb_text admin_label=&#8221;Title&#8221; _builder_version=&#8221;4.27.4&#8243; text_font=&#8221;||||||||&#8221; header_font=&#8221;&#8211;et_global_heading_font|700|||||||&#8221; header_text_color=&#8221;#000000&#8243; header_2_font=&#8221;Lato||||||||&#8221; header_2_font_size=&#8221;36px&#8221; header_2_line_height=&#8221;1.5em&#8221; custom_padding=&#8221;|||&#8221; animation_direction=&#8221;left&#8221; inline_fonts=&#8221;Josefin Sans&#8221; global_colors_info=&#8221;{}&#8221;]<\/p>\n<h2><strong><span style=\"font-family: 'Josefin Sans';\">Siisteys<\/span><\/strong><\/h2>\n<p>[\/et_pb_text][et_pb_divider color=&#8221;#7CDA24&#8243; divider_weight=&#8221;5px&#8221; _builder_version=&#8221;4.27.4&#8243; max_width=&#8221;80px&#8221; height=&#8221;3px&#8221; locked=&#8221;off&#8221; global_colors_info=&#8221;{}&#8221;]<br \/>\n[\/et_pb_divider][\/et_pb_column][et_pb_column type=&#8221;2_3&#8243; _builder_version=&#8221;4.16&#8243; custom_padding=&#8221;|||&#8221; global_colors_info=&#8221;{}&#8221; custom_padding__hover=&#8221;|||&#8221;][et_pb_text _builder_version=&#8221;4.27.4&#8243; text_font=&#8221;&#8211;et_global_body_font||||||||&#8221; text_text_color=&#8221;#000000&#8243; text_font_size=&#8221;16px&#8221; text_line_height=&#8221;1.8em&#8221; header_font=&#8221;&#8211;et_global_body_font||||||||&#8221; header_text_color=&#8221;#000000&#8243; animation_style=&#8221;flip&#8221; animation_direction=&#8221;left&#8221; animation_intensity_flip=&#8221;20%&#8221; animation_starting_opacity=&#8221;100%&#8221; global_colors_info=&#8221;{}&#8221;]<\/p>\n<p>1. Puhdista kenk\u00e4si ja koirasi hiekasta, kurasta ja lumesta ennen halliin menoa, jotta matot pysyv\u00e4t mahdollisimman kuivana ja puhtaana. K\u00e4yt\u00e4 erillisi\u00e4 sis\u00e4kenki\u00e4 hallissa. Sis\u00e4kengill\u00e4 ei saa k\u00e4vell\u00e4 ulkona esim. koiraa haettaessa autosta, vaan keng\u00e4t tulee aina vaihtaa ulos\/sis\u00e4\u00e4n kuljettaessa.<\/p>\n<p>2. Halli ja sen ymp\u00e4rist\u00f6 on pidett\u00e4v\u00e4 siistin\u00e4. Siivoa roskasi ml. karvatupot ja koirien j\u00e4t\u00f6kset my\u00f6s piha-alueelta ja l\u00e4mmittelylenkilt\u00e4 harjoittelualueen roska-astioihin. Piha-alueella ei saa pissattaa koiria. Pissa- tai kakkavahingon sattuessa hallissa paikka puhdistetaan v\u00e4litt\u00f6m\u00e4sti siihen varatuilla v\u00e4lineill\u00e4 ja puhdistusaineilla. 20 euron j\u00e4t\u00f6ssakko maksetaan v\u00e4litt\u00f6m\u00e4sti seuran tilille<span> <span class=\"OYPEnA font-feature-liga-off font-feature-clig-off font-feature-calt-off text-decoration-none text-strikethrough-none\">FI30 5271 0440 2018 96<\/span><span class=\"OYPEnA font-feature-liga-off font-feature-clig-off font-feature-calt-off text-decoration-none text-strikethrough-none white-space-prewrap\"> <\/span><span class=\"OYPEnA font-feature-liga-off font-feature-clig-off font-feature-calt-off text-decoration-none text-strikethrough-none\">ja viestikentt\u00e4\u00e4n \u201csotkusakko\u201d.<\/span><\/span><\/p>\n<p>3. Juoksuiset nartut saavat treenata sek\u00e4 hallissa ett\u00e4 kent\u00e4ll\u00e4 omatoimisesti ja treeniryhmiss\u00e4. Hallissa treenatessa nartuilla on k\u00e4ytett\u00e4v\u00e4 juoksuhousuja, kent\u00e4ll\u00e4 voi treenata ilman koiran juoksuhousuja. Juoksunartut saavat olla treenialueella vain oman suoristusvuoronsa aikana. Narttujen omistajia pyydet\u00e4\u00e4n ulkoiluttamaan koirat juoksujen aikaan sivummalla treenialueesta. Treeniryhmiss\u00e4 juoksunnartun treenaamisen k\u00e4yt\u00e4nn\u00f6n j\u00e4rjestelyt kannattaa sovitella toiset koirakot huomioiden. Juoksunartun kanssa voi osallistua my\u00f6s ep\u00e4virallisiin kisoihin.<\/p>\n<p>[\/et_pb_text][\/et_pb_column][\/et_pb_row][\/et_pb_section][et_pb_section fb_built=&#8221;1&#8243; admin_label=&#8221;Market Information Section&#8221; _builder_version=&#8221;4.27.4&#8243; custom_padding=&#8221;20px||20px||true|false&#8221; hover_enabled=&#8221;0&#8243; global_colors_info=&#8221;{}&#8221; sticky_enabled=&#8221;0&#8243;][et_pb_row column_structure=&#8221;1_3,2_3&#8243; admin_label=&#8221;Market Information Title Area&#8221; _builder_version=&#8221;4.27.4&#8243; custom_padding=&#8221;40px|0px|40px|0px&#8221; global_colors_info=&#8221;{}&#8221;][et_pb_column type=&#8221;1_3&#8243; _builder_version=&#8221;4.16&#8243; custom_padding=&#8221;|||&#8221; global_colors_info=&#8221;{}&#8221; custom_padding__hover=&#8221;|||&#8221;][et_pb_text admin_label=&#8221;Title&#8221; _builder_version=&#8221;4.27.4&#8243; text_font=&#8221;||||||||&#8221; header_font=&#8221;&#8211;et_global_heading_font|700|||||||&#8221; header_text_color=&#8221;#000000&#8243; header_2_font=&#8221;Lato||||||||&#8221; header_2_font_size=&#8221;36px&#8221; header_2_line_height=&#8221;1.5em&#8221; custom_padding=&#8221;|||&#8221; animation_direction=&#8221;left&#8221; inline_fonts=&#8221;Josefin Sans&#8221; global_colors_info=&#8221;{}&#8221;]<\/p>\n<h2><strong><span style=\"font-family: 'Josefin Sans';\">Muita ohjeita<\/span><\/strong><\/h2>\n<p>[\/et_pb_text][et_pb_divider color=&#8221;#7CDA24&#8243; divider_weight=&#8221;5px&#8221; _builder_version=&#8221;4.27.4&#8243; max_width=&#8221;80px&#8221; height=&#8221;3px&#8221; locked=&#8221;off&#8221; global_colors_info=&#8221;{}&#8221;]<br \/>\n[\/et_pb_divider][\/et_pb_column][et_pb_column type=&#8221;2_3&#8243; _builder_version=&#8221;4.16&#8243; custom_padding=&#8221;|||&#8221; global_colors_info=&#8221;{}&#8221; custom_padding__hover=&#8221;|||&#8221;][et_pb_text _builder_version=&#8221;4.27.4&#8243; text_font=&#8221;&#8211;et_global_body_font||||||||&#8221; text_text_color=&#8221;#000000&#8243; text_font_size=&#8221;16px&#8221; text_line_height=&#8221;1.8em&#8221; header_font=&#8221;&#8211;et_global_body_font||||||||&#8221; header_text_color=&#8221;#000000&#8243; animation_style=&#8221;flip&#8221; animation_direction=&#8221;left&#8221; animation_intensity_flip=&#8221;20%&#8221; animation_starting_opacity=&#8221;100%&#8221; global_colors_info=&#8221;{}&#8221;]1. K\u00e4yt\u00e4 harjoitellessasi vain keinonurmelle soveltuvia jalkineita. Nastat eiv\u00e4t saa ylitt\u00e4\u00e4 5 mm ja metallipiikkien k\u00e4ytt\u00f6 on kielletty.<\/p>\n<p>2. Siirr\u00e4 esteet nostamalla, ei raahaamalla, jotta matto ei rikkoonnu.<\/p>\n<p>3.  Hallien sein\u00e4pintoihin ei saa kiinnitt\u00e4\u00e4 mit\u00e4\u00e4n ilman halliosakeyhti\u00f6n lupaa.<\/p>\n<p>4. Tupakointi on sallittu vain siihen osoitetulla paikalla.<\/p>\n<p>5. Hallien valot on sammutettava ja ovet lukittava l\u00e4htiess\u00e4, jos halliin ei j\u00e4\u00e4 muita k\u00e4ytt\u00e4ji\u00e4.[\/et_pb_text][\/et_pb_column][\/et_pb_row][\/et_pb_section][et_pb_section fb_built=&#8221;1&#8243; admin_label=&#8221;Market Information Section&#8221; _builder_version=&#8221;4.27.4&#8243; custom_padding=&#8221;20px||20px||true|false&#8221; hover_enabled=&#8221;0&#8243; global_colors_info=&#8221;{}&#8221; sticky_enabled=&#8221;0&#8243;][et_pb_row column_structure=&#8221;1_3,2_3&#8243; admin_label=&#8221;Market Information Title Area&#8221; _builder_version=&#8221;4.27.4&#8243; custom_padding=&#8221;40px|0px|40px|0px&#8221; global_colors_info=&#8221;{}&#8221;][et_pb_column type=&#8221;1_3&#8243; _builder_version=&#8221;4.16&#8243; custom_padding=&#8221;|||&#8221; global_colors_info=&#8221;{}&#8221; custom_padding__hover=&#8221;|||&#8221;][et_pb_text admin_label=&#8221;Title&#8221; _builder_version=&#8221;4.27.4&#8243; text_font=&#8221;||||||||&#8221; header_font=&#8221;&#8211;et_global_heading_font|700|||||||&#8221; header_text_color=&#8221;#000000&#8243; header_2_font=&#8221;Lato||||||||&#8221; header_2_font_size=&#8221;36px&#8221; header_2_line_height=&#8221;1.5em&#8221; custom_padding=&#8221;|||&#8221; animation_direction=&#8221;left&#8221; inline_fonts=&#8221;Josefin Sans&#8221; global_colors_info=&#8221;{}&#8221;]<\/p>\n<h2><strong><span style=\"font-family: 'Josefin Sans';\">Autojen pys\u00e4k\u00f6inti<\/span><\/strong><\/h2>\n<p>[\/et_pb_text][et_pb_divider color=&#8221;#7CDA24&#8243; divider_weight=&#8221;5px&#8221; _builder_version=&#8221;4.27.4&#8243; max_width=&#8221;80px&#8221; height=&#8221;3px&#8221; locked=&#8221;off&#8221; global_colors_info=&#8221;{}&#8221;]<br \/>\n[\/et_pb_divider][\/et_pb_column][et_pb_column type=&#8221;2_3&#8243; _builder_version=&#8221;4.16&#8243; custom_padding=&#8221;|||&#8221; global_colors_info=&#8221;{}&#8221; custom_padding__hover=&#8221;|||&#8221;][et_pb_text _builder_version=&#8221;4.27.4&#8243; text_font=&#8221;&#8211;et_global_body_font||||||||&#8221; text_text_color=&#8221;#000000&#8243; text_font_size=&#8221;16px&#8221; text_line_height=&#8221;1.8em&#8221; header_font=&#8221;&#8211;et_global_body_font||||||||&#8221; header_text_color=&#8221;#000000&#8243; animation_style=&#8221;flip&#8221; animation_direction=&#8221;left&#8221; animation_intensity_flip=&#8221;20%&#8221; animation_starting_opacity=&#8221;100%&#8221; global_colors_info=&#8221;{}&#8221;]1. Autot tulee pys\u00e4k\u00f6id\u00e4 joko hallien p\u00e4\u00e4dyss\u00e4 olevalle parkkipaikalle tai P1-hiekkaparkkiin, joka sijaistee Raviradantien oikealla puolella hieman ennen halleja (opaste P1).<\/p>\n<p>2. Autoja EI SAA pys\u00e4k\u00f6id\u00e4 hallin kent\u00e4lle, tenniskenttien parkkipaikalle tai Raviradantien varteen.[\/et_pb_text][\/et_pb_column][\/et_pb_row][\/et_pb_section][et_pb_section fb_built=&#8221;1&#8243; admin_label=&#8221;Footer&#8221; _builder_version=&#8221;4.27.4&#8243; background_color=&#8221;#151f33&#8243; custom_padding=&#8221;0px||0px||true|false&#8221; global_colors_info=&#8221;{}&#8221;][et_pb_row _builder_version=&#8221;4.27.4&#8243; _module_preset=&#8221;default&#8221; global_colors_info=&#8221;{}&#8221;][et_pb_column type=&#8221;4_4&#8243; _builder_version=&#8221;4.27.4&#8243; _module_preset=&#8221;default&#8221; global_colors_info=&#8221;{}&#8221;][et_pb_text _builder_version=&#8221;4.27.4&#8243; _module_preset=&#8221;default&#8221; text_text_color=&#8221;#FFFFFF&#8221; global_colors_info=&#8221;{}&#8221;]<\/p>\n<p>Banner: Maarit Karhu-Teiskonen\/#riemukauppa.fi<\/p>\n<p>[\/et_pb_text][\/et_pb_column][\/et_pb_row][\/et_pb_section]<\/p>\n","protected":false},"excerpt":{"rendered":"<p>Tutustu hallin ja kent\u00e4n s\u00e4\u00e4nt\u00f6ihin varmistaaksesi sujuvan ja turvallisen harjoittelun kaikille. S\u00e4\u00e4nn\u00f6t koskevat kaikkia k\u00e4ytt\u00e4ji\u00e4 ja tukevat yhteisi\u00e4 pelis\u00e4\u00e4nt\u00f6j\u00e4.Ohjaajan vastuu 1. Maksaessaan koulutusmaksun ja\/tai lunastaessaan avaimen ohjaaja sitoutuu noudattamaan harjoittelualueen [&hellip;]<\/p>\n","protected":false},"author":68,"featured_media":0,"parent":0,"menu_order":0,"comment_status":"closed","ping_status":"closed","template":"","meta":{"_et_pb_use_builder":"on","_et_pb_old_content":"","_et_gb_content_width":"","footnotes":""},"class_list":["post-4509","page","type-page","status-publish","hentry"],"_links":{"self":[{"href":"https:\/\/mah.fi\/index.php?rest_route=\/wp\/v2\/pages\/4509","targetHints":{"allow":["GET"]}}],"collection":[{"href":"https:\/\/mah.fi\/index.php?rest_route=\/wp\/v2\/pages"}],"about":[{"href":"https:\/\/mah.fi\/index.php?rest_route=\/wp\/v2\/types\/page"}],"author":[{"embeddable":true,"href":"https:\/\/mah.fi\/index.php?rest_route=\/wp\/v2\/users\/68"}],"replies":[{"embeddable":true,"href":"https:\/\/mah.fi\/index.php?rest_route=%2Fwp%2Fv2%2Fcomments&post=4509"}],"version-history":[{"count":14,"href":"https:\/\/mah.fi\/index.php?rest_route=\/wp\/v2\/pages\/4509\/revisions"}],"predecessor-version":[{"id":5232,"href":"https:\/\/mah.fi\/index.php?rest_route=\/wp\/v2\/pages\/4509\/revisions\/5232"}],"wp:attachment":[{"href":"https:\/\/mah.fi\/index.php?rest_route=%2Fwp%2Fv2%2Fmedia&parent=4509"}],"curies":[{"name":"wp","href":"https:\/\/api.w.org\/{rel}","templated":true}]}}