{"id":4437,"date":"2024-12-10T11:41:06","date_gmt":"2024-12-10T11:41:06","guid":{"rendered":"https:\/\/mah.fi\/?page_id=4437"},"modified":"2026-01-23T18:39:44","modified_gmt":"2026-01-23T18:39:44","slug":"treenimaksut","status":"publish","type":"page","link":"https:\/\/mah.fi\/?page_id=4437","title":{"rendered":"Harrastusmaksut"},"content":{"rendered":"<p>[et_pb_section fb_built=&#8221;1&#8243; fullwidth=&#8221;on&#8221; _builder_version=&#8221;4.27.4&#8243; background_image=&#8221;https:\/\/mah.fi\/wp-content\/uploads\/2024\/12\/20190526-IMG_7927.jpg&#8221; animation_style=&#8221;slide&#8221; animation_direction=&#8221;top&#8221; animation_intensity_slide=&#8221;2%&#8221; animation_starting_opacity=&#8221;100%&#8221; global_colors_info=&#8221;{}&#8221;][et_pb_fullwidth_header title=&#8221;Harrastusmaksut&#8221; content_max_width=&#8221;700px&#8221; _builder_version=&#8221;4.27.4&#8243; title_font=&#8221;&#8211;et_global_heading_font||||||||&#8221; title_font_size=&#8221;60px&#8221; title_line_height=&#8221;1.2em&#8221; content_font=&#8221;&#8211;et_global_body_font||||||||&#8221; content_text_color=&#8221;#000000&#8243; content_font_size=&#8221;20px&#8221; content_line_height=&#8221;1.8em&#8221; background_color=&#8221;rgba(255, 255, 255, 0)&#8221; use_background_color_gradient=&#8221;on&#8221; background_color_gradient_direction=&#8221;90deg&#8221; background_color_gradient_stops=&#8221;rgba(0,0,0,0.75) 0%|rgba(0,0,0,0) 100%&#8221; background_color_gradient_overlays_image=&#8221;on&#8221; background_color_gradient_start=&#8221;rgba(0,0,0,0.75)&#8221; background_color_gradient_end=&#8221;rgba(0,0,0,0)&#8221; background_enable_image=&#8221;off&#8221; background_position=&#8221;top_right&#8221; custom_button_one=&#8221;on&#8221; button_one_text_size=&#8221;18px&#8221; button_one_bg_color=&#8221;#02d002&#8243; button_one_border_width=&#8221;8px&#8221; button_one_border_color=&#8221;#02d002&#8243; button_one_border_radius=&#8221;0px&#8221; button_one_letter_spacing=&#8221;1px&#8221; button_one_font=&#8221;Lato|700|||||||&#8221; button_one_use_icon=&#8221;off&#8221; custom_button_two=&#8221;on&#8221; button_two_text_size=&#8221;18px&#8221; button_two_text_color=&#8221;#353740&#8243; button_two_bg_color=&#8221;#ffffff&#8221; button_two_border_width=&#8221;8px&#8221; button_two_border_color=&#8221;#ffffff&#8221; button_two_border_radius=&#8221;0px&#8221; button_two_letter_spacing=&#8221;1px&#8221; button_two_font=&#8221;Lato|700|||||||&#8221; button_two_use_icon=&#8221;off&#8221; custom_margin=&#8221;|||&#8221; custom_padding=&#8221;10%||10%|&#8221; custom_padding_tablet=&#8221;30%||30%||true|false&#8221; custom_padding_phone=&#8221;30%||30%||true|false&#8221; custom_padding_last_edited=&#8221;on|phone&#8221; title_font_size_tablet=&#8221;60px&#8221; title_font_size_phone=&#8221;38px&#8221; title_font_size_last_edited=&#8221;on|phone&#8221; button_one_letter_spacing_hover=&#8221;1px&#8221; button_two_letter_spacing_hover=&#8221;1px&#8221; global_colors_info=&#8221;{}&#8221; button_one_text_size__hover_enabled=&#8221;off&#8221; button_two_text_size__hover_enabled=&#8221;off&#8221; button_one_text_color__hover_enabled=&#8221;off&#8221; button_two_text_color__hover_enabled=&#8221;off&#8221; button_one_border_width__hover_enabled=&#8221;off&#8221; button_two_border_width__hover_enabled=&#8221;off&#8221; button_one_border_color__hover_enabled=&#8221;off&#8221; button_two_border_color__hover_enabled=&#8221;off&#8221; button_one_border_radius__hover_enabled=&#8221;off&#8221; button_two_border_radius__hover_enabled=&#8221;off&#8221; button_one_letter_spacing__hover_enabled=&#8221;on&#8221; button_one_letter_spacing__hover=&#8221;1px&#8221; button_two_letter_spacing__hover_enabled=&#8221;on&#8221; button_two_letter_spacing__hover=&#8221;1px&#8221; button_one_bg_color__hover_enabled=&#8221;off&#8221; button_two_bg_color__hover_enabled=&#8221;off&#8221;]<\/p>\n<p><span style=\"color: #ffffff;\">Tutustu treenimaksuihin, treenikausiin ja ohjeistukseen liikuntaeduilla maksamiseen.<\/span><\/p>\n<p>[\/et_pb_fullwidth_header][\/et_pb_section][et_pb_section fb_built=&#8221;1&#8243; admin_label=&#8221;Market Information Section&#8221; _builder_version=&#8221;4.27.4&#8243; custom_padding=&#8221;20px||20px||true|false&#8221; global_colors_info=&#8221;{}&#8221;][et_pb_row column_structure=&#8221;1_3,2_3&#8243; admin_label=&#8221;Market Information Title Area&#8221; _builder_version=&#8221;4.27.4&#8243; custom_padding=&#8221;40px|0px|40px|0px&#8221; global_colors_info=&#8221;{}&#8221;][et_pb_column type=&#8221;1_3&#8243; _builder_version=&#8221;4.16&#8243; custom_padding=&#8221;|||&#8221; global_colors_info=&#8221;{}&#8221; custom_padding__hover=&#8221;|||&#8221;][et_pb_text admin_label=&#8221;Title&#8221; _builder_version=&#8221;4.27.4&#8243; text_font=&#8221;||||||||&#8221; header_font=&#8221;&#8211;et_global_heading_font|700|||||||&#8221; header_text_color=&#8221;#000000&#8243; header_2_font=&#8221;Lato||||||||&#8221; header_2_font_size=&#8221;36px&#8221; header_2_line_height=&#8221;1.5em&#8221; custom_padding=&#8221;|||&#8221; animation_direction=&#8221;left&#8221; inline_fonts=&#8221;Josefin Sans&#8221; global_colors_info=&#8221;{}&#8221;]<\/p>\n<h2><strong><span style=\"font-family: 'Josefin Sans';\">Hinnat<\/span><\/strong><\/h2>\n<p>[\/et_pb_text][et_pb_divider color=&#8221;#7CDA24&#8243; divider_weight=&#8221;5px&#8221; _builder_version=&#8221;4.27.4&#8243; max_width=&#8221;80px&#8221; height=&#8221;3px&#8221; locked=&#8221;off&#8221; global_colors_info=&#8221;{}&#8221;]<br \/>\n[\/et_pb_divider][\/et_pb_column][et_pb_column type=&#8221;2_3&#8243; _builder_version=&#8221;4.16&#8243; custom_padding=&#8221;|||&#8221; global_colors_info=&#8221;{}&#8221; custom_padding__hover=&#8221;|||&#8221;][et_pb_text _builder_version=&#8221;4.27.4&#8243; text_font=&#8221;&#8211;et_global_body_font||||||||&#8221; text_text_color=&#8221;#000000&#8243; text_font_size=&#8221;16px&#8221; text_line_height=&#8221;1.8em&#8221; header_font=&#8221;&#8211;et_global_body_font||||||||&#8221; header_text_color=&#8221;#000000&#8243; animation_style=&#8221;flip&#8221; animation_direction=&#8221;left&#8221; animation_intensity_flip=&#8221;20%&#8221; animation_starting_opacity=&#8221;100%&#8221; global_colors_info=&#8221;{}&#8221;]<\/p>\n<p><b>Treenimaksut laskutetaan Suomisportin kautta. Eth\u00e4n siis maksa treenimaksuja omatoimisesti. Maksuista ei tarvitse l\u00e4hett\u00e4\u00e4 maksukuitteja kenellek\u00e4\u00e4n.<\/b><\/p>\n<p><span style=\"font-weight: 400;\">Hinnat 1.2.2026 alkaen:<\/span><\/p>\n<p style=\"padding-left: 40px;\"><span style=\"font-weight: 400;\">&#8211; Ryhm\u00e4paikka, 1. koira 160 e\/kausi<\/span><\/p>\n<p style=\"padding-left: 40px;\"><span style=\"font-weight: 400;\">&#8211; Ryhm\u00e4paikka lis\u00e4koirat 1. koiran j\u00e4lkeen 100 e\/kausi<\/span><\/p>\n<p style=\"padding-left: 40px;\"><span style=\"font-weight: 400;\">&#8211; Ohjaajakohtainen vapaatreenioikeus (kaikki ohjaajan koirat) ilman ryhm\u00e4treenipaikkaa 120 e\/kausi<\/span><\/p>\n<p style=\"padding-left: 40px;\"><span style=\"font-weight: 400;\">&#8211; Ohjaajakohtainen vapaatreenioikeus (kaikki ohjaajan koirat) osana ryhm\u00e4paikkaa 40 e\/kausi<\/span><\/p>\n<p><span style=\"font-weight: 400;\">Eli laskettuna seuraavat <\/span><b>esimerkit<\/b><span style=\"font-weight: 400;\">:<\/span><\/p>\n<p style=\"padding-left: 40px;\"><span style=\"font-weight: 400;\">&#8211; Vapaatreenioikeus (kaikki ohjaajan koirat) 120 e\/kausi<\/span><\/p>\n<p style=\"padding-left: 40px;\"><span style=\"font-weight: 400;\">&#8211; Yhden koiran ryhm\u00e4paikka + vapaatreenioikeus (kaikki ohjaajan koirat) 200 e\/kausi<\/span><\/p>\n<p style=\"padding-left: 40px;\"><span style=\"font-weight: 400;\">&#8211; Kahden koiran ryhm\u00e4paikka + vapaatreenioikeus (kaikki ohjaajan koirat) 300 e\/kausi<\/span><\/p>\n<p style=\"padding-left: 40px;\"><span style=\"font-weight: 400;\">&#8211; Yhden koiran ryhm\u00e4paikka (ilman vapaatreenioikeutta) 160 e\/kausi<\/span><\/p>\n<p style=\"padding-left: 40px;\"><span style=\"font-weight: 400;\">&#8211; Kahden koiran ryhm\u00e4paikka (ilman vapaatreenioikeutta) 260 e\/kausi<\/span><\/p>\n<p>[\/et_pb_text][\/et_pb_column][\/et_pb_row][\/et_pb_section][et_pb_section fb_built=&#8221;1&#8243; admin_label=&#8221;Market Information Section&#8221; _builder_version=&#8221;4.27.4&#8243; custom_padding=&#8221;20px||20px||true|false&#8221; top_divider_color=&#8221;#7CDA24&#8243; global_colors_info=&#8221;{}&#8221;][et_pb_row column_structure=&#8221;1_3,2_3&#8243; admin_label=&#8221;Market Information Title Area&#8221; _builder_version=&#8221;4.27.4&#8243; custom_padding=&#8221;40px|0px|40px|0px&#8221; global_colors_info=&#8221;{}&#8221;][et_pb_column type=&#8221;1_3&#8243; _builder_version=&#8221;4.16&#8243; custom_padding=&#8221;|||&#8221; global_colors_info=&#8221;{}&#8221; custom_padding__hover=&#8221;|||&#8221;][et_pb_text admin_label=&#8221;Title&#8221; _builder_version=&#8221;4.27.4&#8243; text_font=&#8221;||||||||&#8221; header_font=&#8221;&#8211;et_global_heading_font|700|||||||&#8221; header_text_color=&#8221;#000000&#8243; header_2_font=&#8221;Lato||||||||&#8221; header_2_font_size=&#8221;36px&#8221; header_2_line_height=&#8221;1.5em&#8221; custom_padding=&#8221;|||&#8221; animation_direction=&#8221;left&#8221; inline_fonts=&#8221;Josefin Sans&#8221; global_colors_info=&#8221;{}&#8221;]<\/p>\n<h2><strong><span style=\"font-family: 'Josefin Sans';\">Treenikaudet<\/span><\/strong><\/h2>\n<p>[\/et_pb_text][et_pb_divider color=&#8221;#7CDA24&#8243; divider_weight=&#8221;5px&#8221; _builder_version=&#8221;4.27.4&#8243; max_width=&#8221;80px&#8221; height=&#8221;3px&#8221; locked=&#8221;off&#8221; global_colors_info=&#8221;{}&#8221;]<br \/>\n[\/et_pb_divider][\/et_pb_column][et_pb_column type=&#8221;2_3&#8243; _builder_version=&#8221;4.16&#8243; custom_padding=&#8221;|||&#8221; global_colors_info=&#8221;{}&#8221; custom_padding__hover=&#8221;|||&#8221;][et_pb_text _builder_version=&#8221;4.27.4&#8243; text_font=&#8221;&#8211;et_global_body_font||||||||&#8221; text_text_color=&#8221;#000000&#8243; text_font_size=&#8221;16px&#8221; text_line_height=&#8221;1.8em&#8221; header_font=&#8221;&#8211;et_global_body_font||||||||&#8221; header_text_color=&#8221;#000000&#8243; animation_style=&#8221;flip&#8221; animation_direction=&#8221;left&#8221; animation_intensity_flip=&#8221;20%&#8221; animation_starting_opacity=&#8221;100%&#8221; global_colors_info=&#8221;{}&#8221;]<\/p>\n<p><span style=\"font-weight: 400;\">MAHin treenikaudet jakautuvat kolmeen nelj\u00e4n kuukauden ajanjaksoon. Uusi treenikausi alkaa aina kuun ensimm\u00e4isell\u00e4 viikolla.\u00a0<\/span><\/p>\n<p><span style=\"font-weight: 400;\"><\/span><\/p>\n<ul>\n<li style=\"font-weight: 400;\" aria-level=\"1\"><span style=\"font-weight: 400;\">Kev\u00e4tkausi 4 kk, 1.2. \u2013 31.5.<\/span><\/li>\n<li style=\"font-weight: 400;\" aria-level=\"1\"><span style=\"font-weight: 400;\">Kes\u00e4kausi 4 kk, 1.6. \u2013 30.9.<\/span><\/li>\n<li style=\"font-weight: 400;\" aria-level=\"1\"><span style=\"font-weight: 400;\">Syys-talvikausi 4 kk, 1.10. \u2013 31.1.<\/span><\/li>\n<\/ul>\n<p>[\/et_pb_text][\/et_pb_column][\/et_pb_row][\/et_pb_section][et_pb_section fb_built=&#8221;1&#8243; admin_label=&#8221;Market Information Section&#8221; _builder_version=&#8221;4.27.4&#8243; custom_padding=&#8221;20px||20px||true|false&#8221; top_divider_color=&#8221;#7CDA24&#8243; global_colors_info=&#8221;{}&#8221;][et_pb_row column_structure=&#8221;1_3,2_3&#8243; admin_label=&#8221;Market Information Title Area&#8221; _builder_version=&#8221;4.27.4&#8243; custom_padding=&#8221;40px|0px|40px|0px&#8221; global_colors_info=&#8221;{}&#8221;][et_pb_column type=&#8221;1_3&#8243; _builder_version=&#8221;4.16&#8243; custom_padding=&#8221;|||&#8221; global_colors_info=&#8221;{}&#8221; custom_padding__hover=&#8221;|||&#8221;][et_pb_text admin_label=&#8221;Title&#8221; _builder_version=&#8221;4.27.4&#8243; text_font=&#8221;||||||||&#8221; header_font=&#8221;&#8211;et_global_heading_font|700|||||||&#8221; header_text_color=&#8221;#000000&#8243; header_2_font=&#8221;Lato||||||||&#8221; header_2_font_size=&#8221;36px&#8221; header_2_line_height=&#8221;1.5em&#8221; custom_padding=&#8221;|||&#8221; animation_direction=&#8221;left&#8221; inline_fonts=&#8221;Josefin Sans&#8221; global_colors_info=&#8221;{}&#8221;]<\/p>\n<h2><strong><span style=\"font-family: 'Josefin Sans';\">Liikuntaeduilla maksaminen<\/span><\/strong><\/h2>\n<p>[\/et_pb_text][et_pb_divider color=&#8221;#7CDA24&#8243; divider_weight=&#8221;5px&#8221; _builder_version=&#8221;4.27.4&#8243; max_width=&#8221;80px&#8221; height=&#8221;3px&#8221; locked=&#8221;off&#8221; global_colors_info=&#8221;{}&#8221;]<br \/>\n[\/et_pb_divider][\/et_pb_column][et_pb_column type=&#8221;2_3&#8243; _builder_version=&#8221;4.16&#8243; custom_padding=&#8221;|||&#8221; global_colors_info=&#8221;{}&#8221; custom_padding__hover=&#8221;|||&#8221;][et_pb_text _builder_version=&#8221;4.27.4&#8243; text_font=&#8221;&#8211;et_global_body_font||||||||&#8221; text_text_color=&#8221;#000000&#8243; text_font_size=&#8221;16px&#8221; text_line_height=&#8221;1.8em&#8221; header_font=&#8221;&#8211;et_global_body_font||||||||&#8221; header_text_color=&#8221;#000000&#8243; animation_style=&#8221;flip&#8221; animation_direction=&#8221;left&#8221; animation_intensity_flip=&#8221;20%&#8221; animation_starting_opacity=&#8221;100%&#8221; global_colors_info=&#8221;{}&#8221;]<\/p>\n<p><span style=\"font-weight: 400;\">Liikuntaetu on ty\u00f6nantajan ty\u00f6ntekij\u00e4lleen tarjoama henkil\u00f6st\u00f6etu, joka on aina henkil\u00f6kohtainen. Liikuntaedulla ei voi maksaa toisen henkil\u00f6n hyv\u00e4ksi kohdistuvia maksuja. Liikuntaetuuden k\u00e4ytt\u00f6ehdot ja k\u00e4ytt\u00f6kohteet m\u00e4\u00e4r\u00e4t\u00e4\u00e4n laissa.<\/span><\/p>\n<p><span style=\"font-weight: 400;\">Huomaathan, ett\u00e4 j\u00e4senmaksua ei voi maksaa liikuntaedulla.<\/span><\/p>\n<p><span style=\"font-weight: 400;\">Otamme vastaan ainoastaan ePassin, Smartumin ja Edenredin liikuntaetujen verkko- ja mobiilimaksuja.<\/span><\/p>\n<p><b>Treeni- ja valmennusmaksut<\/b><\/p>\n<p><span style=\"font-weight: 400;\">Mik\u00e4li maksat saamasi laskun osittain tai kokonaan liikuntaedulla, tee maksu ko. palveluntarjoajan verkkosivuilla tai mobiilisovelluksessa. Merkitse maksun yhteydess\u00e4 onko kyseess\u00e4 treeni- vai valmennusmaksu. <\/span><b>T\u00e4m\u00e4n j\u00e4lkeen<\/b> <b>toimita maksusta kuitti s\u00e4hk\u00f6postitse osoitteeseen talousvastaava(at)mah.fi<\/b><span style=\"font-weight: 400;\">. Kerro viestiss\u00e4 mihin laskuusi ko. suoritus kohdistuu. N\u00e4in toimimalla liikuntaedulla maksettu osuus saadaan kohdistettua oikein.<\/span><\/p>\n<p><span style=\"font-weight: 400;\">Huomaathan, ett\u00e4 emme voi palauttaa liikuntaeduilla suoritettuja maksuja. N\u00e4iss\u00e4 tapauksissa maksua voidaan erikseen sovittaessa kohdistaa seuraavalle treenijaksolle.<\/span><\/p>\n<p><span style=\"font-weight: 400;\"><\/span><\/p>\n<p><b>Agilitykilpailuiden starttimaksut<\/b><\/p>\n<p><span style=\"font-weight: 400;\">Mikkelin Agilityharrastajien agilitykisastartteja voi maksaa liikuntaeduilla ennakkomaksuna. Ilmoittautuessasi agilitykilpailuun ilmoita lahjakortin kohdalla eurosumma, jonka maksat liikuntaedulla. Kuitit maksuista l\u00e4hetet\u00e4\u00e4n s\u00e4hk\u00f6postilla osoitteeseen mah.agility[at]mah.fi<\/span><\/p>\n<p><span style=\"font-weight: 400;\">Agilitykilpailuissa ohjaajavaihdokset eiv\u00e4t ole sallittuja, mik\u00e4li osallistuminen on maksettu liikuntaedulla, koska liikuntaedut ovat aina henkil\u00f6kohtaisia. Emme my\u00f6sk\u00e4\u00e4n pysty palauttamaan liikuntaedulla maksettua starttimaksua, koska liikuntaetuja ei voida vaihtaa rahaksi.<\/span><\/p>\n<p>[\/et_pb_text][\/et_pb_column][\/et_pb_row][\/et_pb_section][et_pb_section fb_built=&#8221;1&#8243; admin_label=&#8221;Footer&#8221; _builder_version=&#8221;4.27.4&#8243; background_color=&#8221;#151f33&#8243; custom_padding=&#8221;0px||0px||true|false&#8221; global_colors_info=&#8221;{}&#8221;][et_pb_row _builder_version=&#8221;4.27.4&#8243; _module_preset=&#8221;default&#8221; global_colors_info=&#8221;{}&#8221;][et_pb_column type=&#8221;4_4&#8243; _builder_version=&#8221;4.27.4&#8243; _module_preset=&#8221;default&#8221; global_colors_info=&#8221;{}&#8221;][et_pb_text _builder_version=&#8221;4.27.4&#8243; _module_preset=&#8221;default&#8221; text_text_color=&#8221;#FFFFFF&#8221; global_colors_info=&#8221;{}&#8221;]<\/p>\n<p>Banner: Maarit Karhu-Teiskonen\/#riemukauppa.fi<\/p>\n<p>[\/et_pb_text][\/et_pb_column][\/et_pb_row][\/et_pb_section]<\/p>\n","protected":false},"excerpt":{"rendered":"<p>Tutustu treenimaksuihin, treenikausiin ja ohjeistukseen liikuntaeduilla maksamiseen.Hinnat Treenimaksut laskutetaan Suomisportin kautta. Eth\u00e4n siis maksa treenimaksuja omatoimisesti. Maksuista ei tarvitse l\u00e4hett\u00e4\u00e4 maksukuitteja kenellek\u00e4\u00e4n. Hinnat 1.2.2026 alkaen: &#8211; Ryhm\u00e4paikka, 1. koira 160 [&hellip;]<\/p>\n","protected":false},"author":68,"featured_media":0,"parent":0,"menu_order":0,"comment_status":"closed","ping_status":"closed","template":"","meta":{"_et_pb_use_builder":"on","_et_pb_old_content":"","_et_gb_content_width":"","footnotes":""},"class_list":["post-4437","page","type-page","status-publish","hentry"],"_links":{"self":[{"href":"https:\/\/mah.fi\/index.php?rest_route=\/wp\/v2\/pages\/4437","targetHints":{"allow":["GET"]}}],"collection":[{"href":"https:\/\/mah.fi\/index.php?rest_route=\/wp\/v2\/pages"}],"about":[{"href":"https:\/\/mah.fi\/index.php?rest_route=\/wp\/v2\/types\/page"}],"author":[{"embeddable":true,"href":"https:\/\/mah.fi\/index.php?rest_route=\/wp\/v2\/users\/68"}],"replies":[{"embeddable":true,"href":"https:\/\/mah.fi\/index.php?rest_route=%2Fwp%2Fv2%2Fcomments&post=4437"}],"version-history":[{"count":16,"href":"https:\/\/mah.fi\/index.php?rest_route=\/wp\/v2\/pages\/4437\/revisions"}],"predecessor-version":[{"id":5378,"href":"https:\/\/mah.fi\/index.php?rest_route=\/wp\/v2\/pages\/4437\/revisions\/5378"}],"wp:attachment":[{"href":"https:\/\/mah.fi\/index.php?rest_route=%2Fwp%2Fv2%2Fmedia&parent=4437"}],"curies":[{"name":"wp","href":"https:\/\/api.w.org\/{rel}","templated":true}]}}