{"id":4424,"date":"2024-12-10T11:09:25","date_gmt":"2024-12-10T11:09:25","guid":{"rendered":"https:\/\/mah.fi\/?page_id=4424"},"modified":"2025-11-28T12:16:38","modified_gmt":"2025-11-28T12:16:38","slug":"4424-2","status":"publish","type":"page","link":"https:\/\/mah.fi\/?page_id=4424","title":{"rendered":"Yhdistyksen s\u00e4\u00e4nn\u00f6t"},"content":{"rendered":"<p>[et_pb_section fb_built=&#8221;1&#8243; fullwidth=&#8221;on&#8221; _builder_version=&#8221;4.27.4&#8243; animation_style=&#8221;slide&#8221; animation_direction=&#8221;top&#8221; animation_intensity_slide=&#8221;2%&#8221; animation_starting_opacity=&#8221;100%&#8221; global_colors_info=&#8221;{}&#8221;][et_pb_fullwidth_header title=&#8221;Yhdistyksen s\u00e4\u00e4nn\u00f6t&#8221; content_max_width=&#8221;700px&#8221; _builder_version=&#8221;4.27.4&#8243; title_font=&#8221;&#8211;et_global_heading_font||||||||&#8221; title_font_size=&#8221;60px&#8221; title_line_height=&#8221;1.2em&#8221; content_font=&#8221;&#8211;et_global_body_font||||||||&#8221; content_text_color=&#8221;#000000&#8243; content_font_size=&#8221;20px&#8221; content_line_height=&#8221;1.8em&#8221; background_color=&#8221;rgba(255, 255, 255, 0)&#8221; use_background_color_gradient=&#8221;on&#8221; background_color_gradient_direction=&#8221;90deg&#8221; background_color_gradient_stops=&#8221;rgba(0,0,0,0.75) 0%|rgba(0,0,0,0) 100%&#8221; background_color_gradient_overlays_image=&#8221;on&#8221; background_color_gradient_start=&#8221;rgba(0,0,0,0.75)&#8221; background_color_gradient_end=&#8221;rgba(0,0,0,0)&#8221; background_image=&#8221;https:\/\/mah.fi\/wp-content\/uploads\/2024\/12\/20220424-7I3A8517.jpg&#8221; custom_button_one=&#8221;on&#8221; button_one_text_size=&#8221;18px&#8221; button_one_bg_color=&#8221;#02d002&#8243; button_one_border_width=&#8221;8px&#8221; button_one_border_color=&#8221;#02d002&#8243; button_one_border_radius=&#8221;0px&#8221; button_one_letter_spacing=&#8221;1px&#8221; button_one_font=&#8221;Lato|700|||||||&#8221; button_one_use_icon=&#8221;off&#8221; custom_button_two=&#8221;on&#8221; button_two_text_size=&#8221;18px&#8221; button_two_text_color=&#8221;#353740&#8243; button_two_bg_color=&#8221;#ffffff&#8221; button_two_border_width=&#8221;8px&#8221; button_two_border_color=&#8221;#ffffff&#8221; button_two_border_radius=&#8221;0px&#8221; button_two_letter_spacing=&#8221;1px&#8221; button_two_font=&#8221;Lato|700|||||||&#8221; button_two_use_icon=&#8221;off&#8221; custom_margin=&#8221;|||&#8221; custom_padding=&#8221;10%||10%|&#8221; custom_padding_tablet=&#8221;30%||30%||true|false&#8221; custom_padding_phone=&#8221;30%||30%||true|false&#8221; custom_padding_last_edited=&#8221;on|phone&#8221; title_font_size_tablet=&#8221;60px&#8221; title_font_size_phone=&#8221;38px&#8221; title_font_size_last_edited=&#8221;on|phone&#8221; button_one_letter_spacing_hover=&#8221;1px&#8221; button_two_letter_spacing_hover=&#8221;1px&#8221; global_colors_info=&#8221;{}&#8221; button_one_text_size__hover_enabled=&#8221;off&#8221; button_two_text_size__hover_enabled=&#8221;off&#8221; button_one_text_color__hover_enabled=&#8221;off&#8221; button_two_text_color__hover_enabled=&#8221;off&#8221; button_one_border_width__hover_enabled=&#8221;off&#8221; button_two_border_width__hover_enabled=&#8221;off&#8221; button_one_border_color__hover_enabled=&#8221;off&#8221; button_two_border_color__hover_enabled=&#8221;off&#8221; button_one_border_radius__hover_enabled=&#8221;off&#8221; button_two_border_radius__hover_enabled=&#8221;off&#8221; button_one_letter_spacing__hover_enabled=&#8221;on&#8221; button_one_letter_spacing__hover=&#8221;1px&#8221; button_two_letter_spacing__hover_enabled=&#8221;on&#8221; button_two_letter_spacing__hover=&#8221;1px&#8221; button_one_bg_color__hover_enabled=&#8221;off&#8221; button_two_bg_color__hover_enabled=&#8221;off&#8221; custom_padding__hover_enabled=&#8221;off|desktop&#8221;][\/et_pb_fullwidth_header][\/et_pb_section][et_pb_section fb_built=&#8221;1&#8243; admin_label=&#8221;Market Information Section&#8221; _builder_version=&#8221;4.16&#8243; custom_padding=&#8221;100px||100px|&#8221; global_colors_info=&#8221;{}&#8221;][et_pb_row admin_label=&#8221;Market Information Title Area&#8221; _builder_version=&#8221;4.16&#8243; custom_padding=&#8221;40px|0px|40px|0px&#8221; global_colors_info=&#8221;{}&#8221;][et_pb_column type=&#8221;4_4&#8243; _builder_version=&#8221;4.16&#8243; custom_padding=&#8221;|||&#8221; global_colors_info=&#8221;{}&#8221; custom_padding__hover=&#8221;|||&#8221;][et_pb_text _builder_version=&#8221;4.27.4&#8243; text_font=&#8221;&#8211;et_global_body_font||||||||&#8221; text_text_color=&#8221;#000000&#8243; text_font_size=&#8221;16px&#8221; text_line_height=&#8221;1.8em&#8221; header_font=&#8221;&#8211;et_global_body_font||||||||&#8221; header_text_color=&#8221;#000000&#8243; animation_style=&#8221;flip&#8221; animation_direction=&#8221;left&#8221; animation_intensity_flip=&#8221;20%&#8221; animation_starting_opacity=&#8221;100%&#8221; global_colors_info=&#8221;{}&#8221;]<\/p>\n<p><b>Yhdistyksen s\u00e4\u00e4nn\u00f6t <\/b><span style=\"font-weight: 400;\">(2. k\u00e4sittely j\u00e4senkokouksessa 7.11.2025)<\/span><\/p>\n<p><b>1 \u00a7 Yhdistyksen nimi, kotipaikka ja kieli<\/b><\/p>\n<p><span style=\"font-weight: 400;\">Yhdistyksen nimi on Mikkelin Agilityharrastajat ry. Kotipaikka on Mikkeli ja yhdistyksen kieli on suomi.<\/span><\/p>\n<p><b>2 \u00a7 Tarkoitus ja toiminnan laatu<\/b><\/p>\n<p><span style=\"font-weight: 400;\">Yhdistyksen tarkoituksena on kehitt\u00e4\u00e4 ja yll\u00e4pit\u00e4\u00e4 toiminta-alueellaan asuvien koiranomistajien keskuudessa monipuolista koiraharrastusta. Tarkoituksensa toteuttamiseksi yhdistys voi j\u00e4rjest\u00e4\u00e4 eri koiraharrastuslajeissa koulutusta, kursseja, kilpailuja, kokeita, n\u00e4yttelyit\u00e4 sek\u00e4 j\u00e4sen- ja yleis\u00f6tilaisuuksia.<\/span><\/p>\n<p><span style=\"font-weight: 400;\">Yhdistys on Suomen Kennelliittoon, Suomen Agilityliittoon <\/span><span style=\"font-weight: 400;\">sek\u00e4 Suomen Palveluskoiraliittoon<\/span><span style=\"font-weight: 400;\"> kuuluva j\u00e4senyhdistys. Yhdistys voi tarvittaessa pyrki\u00e4 j\u00e4senyhdistykseksi my\u00f6s muihin tarkoituksensa ja toimintansa mukaisiin urheiluj\u00e4rjest\u00f6ihin tai -liittoihin.<\/span><\/p>\n<p><span style=\"font-weight: 400;\">Toimintansa tukemiseksi yhdistys ker\u00e4\u00e4 j\u00e4senmaksua. Yhdistys voi asianmukaisella luvalla j\u00e4rjest\u00e4\u00e4 varainker\u00e4yksi\u00e4 ja arpajaisia. Yhdistys voi omistaa toimintaansa varten tarpeellisia kiinteist\u00f6j\u00e4 ja irtainta omaisuutta, perustaa rahastoja sek\u00e4 ottaa vastaan lahjoituksia sek\u00e4 testamentteja. Yhdistyksen tarkoituksena ei saa olla voiton tai muun v\u00e4litt\u00f6m\u00e4n taloudellisen ansion hankkiminen yhdistyksen toimintaan osallistuville.<\/span><\/p>\n<p><b>3 \u00a7 J\u00e4senet<\/b><\/p>\n<p><span style=\"font-weight: 400;\">Yhdistyksen j\u00e4seneksi voi liitty\u00e4 yksityinen henkil\u00f6, joka hyv\u00e4ksyy yhdistyksen tarkoituksen ja sen s\u00e4\u00e4nn\u00f6t. J\u00e4senet hyv\u00e4ksyy hakemuksesta yhdistyksen hallitus. Yksityinen henkil\u00f6 voi olla varsinainen, nuoriso-, ainais- tai kunniaj\u00e4sen. J\u00e4sen voi halutessaan olla nuorisoj\u00e4sen sen kalenterivuoden loppuun, jonka aikana h\u00e4n t\u00e4ytt\u00e4\u00e4 16-vuotta.<\/span><\/p>\n<p><span style=\"font-weight: 400;\">Yhdistyksen hallituksen ehdotuksesta voidaan sen kunniaj\u00e4seneksi kutsua henkil\u00f6it\u00e4, joille yhdistys tahtoo osoittaa erikoista kunnioitusta ja kiitollisuutta. Ehdotus alistetaan yhdistyksen kokouksen ratkaistavaksi, jolloin p\u00e4\u00e4t\u00f6kseen vaaditaan v\u00e4hint\u00e4\u00e4n kolme nelj\u00e4sosa (3\/4) annetuista \u00e4\u00e4nist\u00e4. Kunniaj\u00e4senell\u00e4 on samat oikeudet kuin varsinaisilla j\u00e4senill\u00e4, mutta he ovat vapaat kaikista j\u00e4senmaksuista.\u00a0<\/span><\/p>\n<p><b>4 \u00a7 J\u00e4senen eroaminen ja erottaminen<\/b><\/p>\n<p><span style=\"font-weight: 400;\">J\u00e4senell\u00e4 on oikeus erota yhdistyksest\u00e4 ilmoittamalla siit\u00e4 kirjallisesti hallitukselle tai sen puheenjohtajalle taikka ilmoittamalla erosta yhdistyksen kokouksessa merkitt\u00e4v\u00e4ksi p\u00f6yt\u00e4kirjaan. Hallitus voi erottaa j\u00e4senen yhdistyksest\u00e4, jos j\u00e4sen on j\u00e4tt\u00e4nyt er\u00e4\u00e4ntyneen j\u00e4senmaksun maksamatta tai muuten j\u00e4tt\u00e4nyt t\u00e4ytt\u00e4m\u00e4tt\u00e4 ne velvoitukset, joihin h\u00e4n on yhdistykseen liittym\u00e4ll\u00e4 sitoutunut. J\u00e4sen voidaan erottaa my\u00f6s silloin, jos h\u00e4n on menettelyll\u00e4\u00e4n yhdistyksess\u00e4 tai sen ulkopuolella huomattavasti vaikeuttanut yhdistyksen toimintaa.<\/span><\/p>\n<p>&nbsp;<\/p>\n<p><b>5 \u00a7 Liittymis- ja j\u00e4senmaksu<\/b><\/p>\n<p><span style=\"font-weight: 400;\">Peritt\u00e4v\u00e4n liittymismaksun ja vuotuisen j\u00e4senmaksun suuruudesta erikseen kullekin j\u00e4senryhm\u00e4lle p\u00e4\u00e4tt\u00e4\u00e4 <\/span><span style=\"font-weight: 400;\">yhdistyksen syyskokous<\/span><span style=\"font-weight: 400;\">. J\u00e4sen voi suorittaa my\u00f6s ainaisj\u00e4senmaksun, joka on 10 kertaa j\u00e4senmaksu. Kunniaj\u00e4senet eiv\u00e4t suorita j\u00e4senmaksuja. Mik\u00e4li j\u00e4sen liittyy yhdistykseen kesken kalenterivuoden, on h\u00e4n velvollinen suorittamaan liittymismaksun ja j\u00e4senmaksun koko kyseiselt\u00e4 vuodelta.<\/span><\/p>\n<p><b>6 \u00a7 Hallitus<\/b><\/p>\n<p><span style=\"font-weight: 400;\">Yhdistyksen asioita hoitaa hallitus, johon kuuluu vuosikokouksessa valitut puheenjohtaja, kaksi-kuusi (2-6) varsinaista j\u00e4sent\u00e4. Hallituksen j\u00e4senist\u00e4 on vuosittain erovuorossa puheenjohtaja sek\u00e4 yksi-kaksi (1-2) varsinaista j\u00e4sent\u00e4. Hallituksen toimikausi on kalenterivuosi.<\/span><\/p>\n<p><span style=\"font-weight: 400;\">Hallitus on p\u00e4\u00e4t\u00f6svaltainen, kun v\u00e4hint\u00e4\u00e4n puolet sen j\u00e4senist\u00e4, puheenjohtaja tai varapuheenjohtaja mukaan luettuna on l\u00e4sn\u00e4. \u00c4\u00e4nestykset ratkaistaan ehdottomalla \u00e4\u00e4ntenenemmist\u00f6ll\u00e4. \u00c4\u00e4nten menness\u00e4 tasan ratkaisee puheenjohtajan \u00e4\u00e4ni, vaaleissa kuitenkin arpa.<\/span><\/p>\n<p><span style=\"font-weight: 400;\">Hallitus valitsee keskuudestaan varapuheenjohtajan sek\u00e4 ottaa keskuudestaan tai sen ulkopuolelta sihteerin, rahastonhoitajan ja muut tarvittavat toimihenkil\u00f6t. Hallitus kokoontuu puheenjohtajan tai h\u00e4nen estyneen\u00e4 ollessaan varapuheenjohtajan kutsusta, kun he katsovat siihen olevan aihetta tai kun v\u00e4hint\u00e4\u00e4n puolet hallituksen j\u00e4senist\u00e4 sit\u00e4 vaatii. Hallituksen kokoukseen voidaan osallistua hallituksen niin p\u00e4\u00e4tt\u00e4ess\u00e4 my\u00f6s tietoliikenneyhteyden tai muun teknisen apuv\u00e4lineen avulla.<\/span><\/p>\n<p><span style=\"font-weight: 400;\">Hallituksen teht\u00e4v\u00e4t:<\/span><\/p>\n<ol>\n<li><span style=\"font-weight: 400;\"> johtaa yhdistyksen toimintaa sek\u00e4 hoitaa sen taloutta ja omaisuutta<\/span><\/li>\n<li><span style=\"font-weight: 400;\"> edustaa yhdistyst\u00e4 ja hoitaa sen asioita<\/span><\/li>\n<li><span style=\"font-weight: 400;\"> valita sihteeri ja rahastonhoitaja ja muut tarpeelliset toimihenkil\u00f6t<\/span><\/li>\n<li><span style=\"font-weight: 400;\"> valmistella ja esitt\u00e4\u00e4 kev\u00e4tkokoukselle edellisen vuoden vuosikertomus, tilinp\u00e4\u00e4t\u00f6s ja toiminnantarkastajien lausunto<\/span><\/li>\n<li><span style=\"font-weight: 400;\"> valmistella ja esitt\u00e4\u00e4 syyskokoukselle seuraavan vuoden toimintasuunnitelma sek\u00e4 tulo- ja menoarvio<\/span><\/li>\n<li><span style=\"font-weight: 400;\"> valmistella ja esitt\u00e4\u00e4 varsinaisille kokouksille muut niille kuuluvat asiat<\/span><\/li>\n<li><span style=\"font-weight: 400;\"> nimet\u00e4 yhdistyksen toiminnan kannalta tarpeelliset toimikunnat<\/span><\/li>\n<li><span style=\"font-weight: 400;\"> p\u00e4\u00e4tt\u00e4\u00e4 uusien henkil\u00f6j\u00e4senten sek\u00e4 toimikuntien j\u00e4senten hyv\u00e4ksymisest\u00e4, sek\u00e4<\/span><\/li>\n<li><span style=\"font-weight: 400;\"> tehd\u00e4 p\u00e4\u00e4t\u00f6s henkil\u00f6j\u00e4senen erottamisesta<\/span><\/li>\n<\/ol>\n<p>&nbsp;<\/p>\n<p><b>7 \u00a7 Yhdistyksen nimen kirjoittaminen<\/b><\/p>\n<p><span style=\"font-weight: 400;\">Yhdistyksen nimen kirjoittaa hallituksen puheenjohtaja, varapuheenjohtaja tai sihteeri, kaksi aina yhdess\u00e4 ja hallituksen valtuuttama toimihenkil\u00f6 yksin\u00e4\u00e4n.<\/span><\/p>\n<p><b>8 \u00a7 Tilikausi ja toiminnantarkastus<\/b><\/p>\n<p><span style=\"font-weight: 400;\">Yhdistyksen tilikausi on kalenterivuosi. Tilinp\u00e4\u00e4t\u00f6s tarvittavine asiakirjoineen ja hallituksen vuosikertomus on annettava toiminnantarkastajille viimeist\u00e4\u00e4n kolme (3) viikkoa ennen <\/span><span style=\"font-weight: 400;\">kev\u00e4tkokousta. <\/span><span style=\"font-weight: 400;\">Toiminnantarkastajien tulee antaa kirjallinen lausuntonsa viimeist\u00e4\u00e4n viikkoa (1) ennen <\/span><span style=\"font-weight: 400;\">kev\u00e4tkokousta<\/span><span style=\"font-weight: 400;\"> hallitukselle.<\/span><\/p>\n<p><span style=\"font-weight: 400;\">Yhdistyksell\u00e4 on kaksi (2) toiminnantarkastajaa ja kaksi (2) varatoiminnantarkastajaa, jotka valitaan syyskokouksessa teht\u00e4viins\u00e4 vuodeksi kerrallaan.<\/span><\/p>\n<p><b>9 \u00a7 Yhdistyksen kokoukset<\/b><\/p>\n<p><span style=\"font-weight: 400;\">Yhdistys pit\u00e4\u00e4 vuosittain kaksi varsinaista kokousta. Yhdistyksen kev\u00e4tkokous pidet\u00e4\u00e4n maalis-huhtikuussa ja syyskokous loka-marraskuussa hallituksen m\u00e4\u00e4r\u00e4\u00e4m\u00e4n\u00e4 p\u00e4iv\u00e4n\u00e4.<\/span><\/p>\n<p><span style=\"font-weight: 400;\">Kev\u00e4tkokous<\/span><\/p>\n<p><span style=\"font-weight: 400;\">Yhdistyksen kev\u00e4tkokouksessa k\u00e4sitell\u00e4\u00e4n seuraavat asiat:<\/span><\/p>\n<ol>\n<li><span style=\"font-weight: 400;\"> Kokouksen avaus<\/span><\/li>\n<li><span style=\"font-weight: 400;\"> Valitaan kokoukselle puheenjohtaja ja sihteeri<\/span><\/li>\n<li><span style=\"font-weight: 400;\"> Valitaan kaksi (2) p\u00f6yt\u00e4kirjantarkastajaa ja kaksi (2) \u00e4\u00e4ntenlaskijaa<\/span><\/li>\n<li><span style=\"font-weight: 400;\"> Todetaan kokouksen laillisuus ja p\u00e4\u00e4t\u00f6svaltaisuus<\/span><\/li>\n<li><span style=\"font-weight: 400;\"> Hyv\u00e4ksyt\u00e4\u00e4n kokouksen ty\u00f6j\u00e4rjestys<\/span><\/li>\n<li><span style=\"font-weight: 400;\"> Esitet\u00e4\u00e4n hallituksen vuosikertomus, tilinp\u00e4\u00e4t\u00f6s ja toiminnantarkastajien lausunto<\/span><\/li>\n<li><span style=\"font-weight: 400;\"> P\u00e4\u00e4tet\u00e4\u00e4n tilinp\u00e4\u00e4t\u00f6ksen vahvistamisesta ja vastuuvapauden my\u00f6nt\u00e4misest\u00e4 hallitukselle ja muille tilivelvollisille<\/span><\/li>\n<li><span style=\"font-weight: 400;\"> K\u00e4sitell\u00e4\u00e4n hallituksen kev\u00e4tkokoukselle tekem\u00e4t esitykset ja aloitteet<\/span><\/li>\n<li><span style=\"font-weight: 400;\"> K\u00e4sitell\u00e4\u00e4n j\u00e4senten tekem\u00e4t esitykset ja aloitteet, jotka on j\u00e4tetty kirjallisesti hallitukselle<\/span><\/li>\n<\/ol>\n<p><span style=\"font-weight: 400;\">viimeist\u00e4\u00e4n kuukautta ennen kev\u00e4tkokousta<\/span><\/p>\n<p>&nbsp;<\/p>\n<p><span style=\"font-weight: 400;\">Syyskokous<\/span><\/p>\n<p><span style=\"font-weight: 400;\">Yhdistyksen syyskokouksessa k\u00e4sitell\u00e4\u00e4n seuraavat asiat:<\/span><\/p>\n<ol>\n<li><span style=\"font-weight: 400;\"> Kokouksen avaus<\/span><\/li>\n<li><span style=\"font-weight: 400;\"> Valitaan kokoukselle puheenjohtaja ja sihteeri<\/span><\/li>\n<li><span style=\"font-weight: 400;\"> Valitaan kaksi (2) p\u00f6yt\u00e4kirjantarkastajaa ja kaksi (2) \u00e4\u00e4ntenlaskijaa<\/span><\/li>\n<li><span style=\"font-weight: 400;\"> Todetaan kokouksen laillisuus ja p\u00e4\u00e4t\u00f6svaltaisuus<\/span><\/li>\n<li><span style=\"font-weight: 400;\"> Hyv\u00e4ksyt\u00e4\u00e4n kokouksen ty\u00f6j\u00e4rjestys<\/span><\/li>\n<li><span style=\"font-weight: 400;\"> Vahvistetaan toimintasuunnitelma, tulo- ja menoarvio sek\u00e4 liittymis- ja j\u00e4senmaksut seuraavalle kalenterivuodelle<\/span><\/li>\n<li><span style=\"font-weight: 400;\"> Valitaan yhdistykselle puheenjohtaja<\/span><\/li>\n<li><span style=\"font-weight: 400;\"> Valitaan hallituksen varsinaiset j\u00e4senet erovuorossa olevien tilalle<\/span><\/li>\n<li><span style=\"font-weight: 400;\"> Valitaan kaksi (2) toiminnantarkastajaa ja kaksi (2) varatoiminnantarkastajaa<\/span><\/li>\n<li><span style=\"font-weight: 400;\"> K\u00e4sitell\u00e4\u00e4n hallituksen syyskokoukselle tekem\u00e4t esitykset ja aloitteet<\/span><\/li>\n<li><span style=\"font-weight: 400;\"> K\u00e4sitell\u00e4\u00e4n j\u00e4senten tekem\u00e4t esitykset ja aloitteet, jotka on j\u00e4tetty kirjallisesti hallitukselle viimeist\u00e4\u00e4n kuukautta ennen syyskokousta<\/span><\/li>\n<\/ol>\n<p>&nbsp;<\/p>\n<p><span style=\"font-weight: 400;\">Ylim\u00e4\u00e4r\u00e4inen kokous pidet\u00e4\u00e4n, kun yhdistyksen kokous niin p\u00e4\u00e4tt\u00e4\u00e4 tai kun hallitus katsoo siihen olevan aihetta tai kun kymmenesosa (1\/10) yhdistyksen \u00e4\u00e4nioikeutetuista j\u00e4senist\u00e4 sit\u00e4 hallitukselta erityisesti ilmoitettua asiaa varten kirjallisesti vaatii. Kokous on pidett\u00e4v\u00e4 kolmenkymmenen vuorokauden kuluessa siit\u00e4, kun vaatimus sen pit\u00e4misest\u00e4 on esitetty hallitukselle.<\/span><\/p>\n<p><span style=\"font-weight: 400;\">Yhdistyksen kokouksissa jokaisella 16 vuotta t\u00e4ytt\u00e4neell\u00e4 j\u00e4senell\u00e4 on yksi \u00e4\u00e4ni. Kokouksissa ei voida k\u00e4ytt\u00e4\u00e4 valtakirjaa. Yhdistyksen kokouksen p\u00e4\u00e4t\u00f6kseksi tulee, ellei s\u00e4\u00e4nn\u00f6iss\u00e4 ole toisin m\u00e4\u00e4r\u00e4tty, se mielipide, jota on kannattanut yli puolet annetuista \u00e4\u00e4nist\u00e4. \u00c4\u00e4nten menness\u00e4 tasan ratkaisee kokouksen puheenjohtajan \u00e4\u00e4ni, vaaleissa kuitenkin arpa.<\/span><\/p>\n<p><span style=\"font-weight: 400;\">Yhdistyksen kokoukseen voi osallistua:<\/span><span style=\"font-weight: 400;\"><br \/><\/span><span style=\"font-weight: 400;\">&#8211;<\/span><span style=\"font-weight: 400;\"> \u00a0 \u00a0 \u00a0 \u00a0 <\/span><span style=\"font-weight: 400;\">kokouspaikassa l\u00e4sn\u00e4 olemalla<\/span><span style=\"font-weight: 400;\"><br \/><\/span><span style=\"font-weight: 400;\">&#8211;<\/span><span style=\"font-weight: 400;\"> \u00a0 \u00a0 \u00a0 \u00a0 <\/span><span style=\"font-weight: 400;\">hallituksen tai yhdistyksen vuosikokouksen niin p\u00e4\u00e4tt\u00e4ess\u00e4 my\u00f6s video\/\u00e4\u00e4niyhteyksin\u00a0 ennalta ilmoitetun kokousalustan kautta<\/span><\/p>\n<p><b>10 \u00a7 Yhdistyksen kokouksen koollekutsuminen<\/b><\/p>\n<p><span style=\"font-weight: 400;\">Hallituksen on kutsuttava yhdistyksen kokoukset koolle v\u00e4hint\u00e4\u00e4n 7 vuorokautta ennen kokousta seuran kotisivuilla, s\u00e4hk\u00f6postitse tai j\u00e4sentiedotteella. Kutsussa on mainittava kokouksessa k\u00e4sitelt\u00e4viksi tulevat asiat.<\/span><\/p>\n<p><b>11 \u00a7 S\u00e4\u00e4nt\u00f6jen muuttaminen ja yhdistyksen purkaminen<\/b><\/p>\n<p><span style=\"font-weight: 400;\">P\u00e4\u00e4t\u00f6s n\u00e4iden s\u00e4\u00e4nt\u00f6jen muuttamisesta tai yhdistyksen purkamisesta on teht\u00e4v\u00e4 kahdessa (2) toisiaan v\u00e4hint\u00e4\u00e4n kuukauden v\u00e4liajalla seuraavassa yhdistyksen kokouksessa, joista toisen tulee olla vuosikokous. P\u00e4\u00e4t\u00f6s tulee voimaan, jos molemmissa kokouksissa muuttamista tai purkamista on kannattanut v\u00e4hint\u00e4\u00e4n 3\/4 \u00e4\u00e4nestyksess\u00e4 annetuista \u00e4\u00e4nist\u00e4.<\/span><\/p>\n<p><span style=\"font-weight: 400;\">Yhdistyksen purkautuessa k\u00e4ytet\u00e4\u00e4n yhdistyksen varat yhdistyksen perustamistarkoituksen edist\u00e4miseen purkautumisesta p\u00e4\u00e4tt\u00e4v\u00e4n j\u00e4lkimm\u00e4isen kokouksen m\u00e4\u00e4r\u00e4\u00e4m\u00e4ll\u00e4 tavalla. Yhdistyksen tullessa lakkautetuksi k\u00e4ytet\u00e4\u00e4n sen varat samaan tarkoitukseen.<\/span><\/p>\n<p><b>12 \u00a7 Yhdistyslain s\u00e4\u00e4t\u00e4m\u00e4t asiat<\/b><\/p>\n<p><span style=\"font-weight: 400;\">Sen lis\u00e4ksi, mit\u00e4 n\u00e4iss\u00e4 s\u00e4\u00e4nn\u00f6iss\u00e4 on m\u00e4\u00e4r\u00e4tty, noudatetaan voimassa olevan yhdistyslain m\u00e4\u00e4r\u00e4yksi\u00e4. Tarpeen vaatiessa voi yhdistyksen kokous n\u00e4iden s\u00e4\u00e4nt\u00f6jen ja yhdistyslain puitteissa vahvistaa noudatettavaksi yhdistyksen sis\u00e4ist\u00e4 toimintaa koskevia s\u00e4\u00e4d\u00f6ksi\u00e4.<\/span><\/p>\n<p>[\/et_pb_text][\/et_pb_column][\/et_pb_row][\/et_pb_section][et_pb_section fb_built=&#8221;1&#8243; admin_label=&#8221;Footer&#8221; _builder_version=&#8221;4.27.4&#8243; background_color=&#8221;#151f33&#8243; custom_padding=&#8221;0px||0px||true|false&#8221; global_colors_info=&#8221;{}&#8221;][et_pb_row _builder_version=&#8221;4.27.4&#8243; _module_preset=&#8221;default&#8221; global_colors_info=&#8221;{}&#8221;][et_pb_column type=&#8221;4_4&#8243; _builder_version=&#8221;4.27.4&#8243; _module_preset=&#8221;default&#8221; global_colors_info=&#8221;{}&#8221;][et_pb_text _builder_version=&#8221;4.27.4&#8243; _module_preset=&#8221;default&#8221; text_text_color=&#8221;#FFFFFF&#8221; global_colors_info=&#8221;{}&#8221;]<\/p>\n<p>Banner: Maarit Karhu-Teiskonen\/#riemukauppa.fi<\/p>\n<p>[\/et_pb_text][\/et_pb_column][\/et_pb_row][\/et_pb_section]<\/p>\n","protected":false},"excerpt":{"rendered":"<p>Yhdistyksen s\u00e4\u00e4nn\u00f6t (2. k\u00e4sittely j\u00e4senkokouksessa 7.11.2025) 1 \u00a7 Yhdistyksen nimi, kotipaikka ja kieli Yhdistyksen nimi on Mikkelin Agilityharrastajat ry. Kotipaikka on Mikkeli ja yhdistyksen kieli on suomi. 2 \u00a7 Tarkoitus [&hellip;]<\/p>\n","protected":false},"author":68,"featured_media":0,"parent":0,"menu_order":0,"comment_status":"closed","ping_status":"closed","template":"","meta":{"_et_pb_use_builder":"on","_et_pb_old_content":"","_et_gb_content_width":"","footnotes":""},"class_list":["post-4424","page","type-page","status-publish","hentry"],"_links":{"self":[{"href":"https:\/\/mah.fi\/index.php?rest_route=\/wp\/v2\/pages\/4424","targetHints":{"allow":["GET"]}}],"collection":[{"href":"https:\/\/mah.fi\/index.php?rest_route=\/wp\/v2\/pages"}],"about":[{"href":"https:\/\/mah.fi\/index.php?rest_route=\/wp\/v2\/types\/page"}],"author":[{"embeddable":true,"href":"https:\/\/mah.fi\/index.php?rest_route=\/wp\/v2\/users\/68"}],"replies":[{"embeddable":true,"href":"https:\/\/mah.fi\/index.php?rest_route=%2Fwp%2Fv2%2Fcomments&post=4424"}],"version-history":[{"count":8,"href":"https:\/\/mah.fi\/index.php?rest_route=\/wp\/v2\/pages\/4424\/revisions"}],"predecessor-version":[{"id":5373,"href":"https:\/\/mah.fi\/index.php?rest_route=\/wp\/v2\/pages\/4424\/revisions\/5373"}],"wp:attachment":[{"href":"https:\/\/mah.fi\/index.php?rest_route=%2Fwp%2Fv2%2Fmedia&parent=4424"}],"curies":[{"name":"wp","href":"https:\/\/api.w.org\/{rel}","templated":true}]}}